{"id":5426,"date":"2023-03-01T15:52:59","date_gmt":"2023-03-01T15:52:59","guid":{"rendered":"https:\/\/www.stayconcrete.com\/?page_id=5426"},"modified":"2023-03-07T16:11:29","modified_gmt":"2023-03-07T16:11:29","slug":"amenagement-de-magasins","status":"publish","type":"page","link":"https:\/\/www.stayconcrete.com\/fr\/amenagement-de-magasins\/","title":{"rendered":"Am\u00e9nagement de magasins"},"content":{"rendered":"<div class=\"wpb-content-wrapper\"><p>[vc_row][vc_column][vc_empty_space][\/vc_column][\/vc_row][vc_row][vc_column][vc_column_text]<\/p>\n<h1 style=\"text-align: left;\">Am\u00e9nagement int\u00e9rieur et agencement de magasins haut de gamme en b\u00e9ton<\/h1>\n<p>[\/vc_column_text][vc_column_text]stayconcrete est sp\u00e9cialis\u00e9 dans l&rsquo;am\u00e9nagement int\u00e9rieur haut de gamme en b\u00e9ton haute performance. Nous r\u00e9alisons dans le monde entier des surfaces commerciales modernes, des espaces de travail, des h\u00f4tels, des restaurants et des immeubles d&rsquo;habitation dans le segment du luxe. En \u00e9troite collaboration avec les architectes d&rsquo;int\u00e9rieur et les ma\u00eetres d&rsquo;ouvrage, nous veillons \u00e0 une ex\u00e9cution artisanale de premier ordre et dans les d\u00e9lais impartis.<\/p>\n<p>N&rsquo;h\u00e9sitez pas \u00e0 nous parler de vos projets de construction. Nous nous ferons un plaisir de vous conseiller sur votre solution individuelle en b\u00e9ton.<\/p>\n<p><a href=\"https:\/\/www.stayconcrete.com\/fr\/contact\/\">N&rsquo;h\u00e9sitez pas \u00e0 nous envoyer un e-mail ou \u00e0 nous appeler<\/a>[\/vc_column_text][\/vc_column][\/vc_row][vc_row][vc_column][lab_portfolio_items category_filter=\u00a0\u00bbno\u00a0\u00bb columns=\u00a0\u00bb2&Prime; reveal_effect=\u00a0\u00bbfade-one\u00a0\u00bb pagination_type=\u00a0\u00bbendless\u00a0\u00bb endless_auto_reveal=\u00a0\u00bbyes\u00a0\u00bb endless_show_more_button_text=\u00a0\u00bbMehr zeigen\u00a0\u00bb endless_no_more_items_button_text=\u00a0\u00bbKeine weiteren Beitr\u00e4ge verf\u00fcgbar\u00a0\u00bb portfolio_query=\u00a0\u00bbsize:ALL|order_by:rand|post_type:portfolio|by_id:2569,4162,2391,2597,3925,2484,2412,2609,2492,2456,2488,3510&Prime; el_class=\u00a0\u00bbhomepage-classes\u00a0\u00bb][vc_column_text]<\/p>\n<p class=\"p2\"><span class=\"s1\">Parlez-nous de vos souhaits et de vos id\u00e9es. Nous nous ferons un plaisir de vous conseiller sur votre solution design individuelle en b\u00e9ton.<br \/>\n<a href=\"https:\/\/www.stayconcrete.com\/fr\/contact\/\">Envoyez-nous un e-mail.<\/a><br \/>\n<\/span><\/p>\n<p>[\/vc_column_text][\/vc_column][\/vc_row]<\/p>\n<\/div>","protected":false},"excerpt":{"rendered":"<p>[vc_row][vc_column][vc_empty_space][\/vc_column][\/vc_row][vc_row][vc_column][vc_column_text] Am\u00e9nagement int\u00e9rieur et agencement de magasins haut de gamme en b\u00e9ton [\/vc_column_text][vc_column_text]stayconcrete est sp\u00e9cialis\u00e9 dans l&rsquo;am\u00e9nagement int\u00e9rieur haut de gamme en b\u00e9ton haute performance. Nous r\u00e9alisons dans le monde entier des surfaces commerciales modernes, des espaces de travail, des h\u00f4tels, des restaurants et des immeubles d&rsquo;habitation dans le segment du luxe. En \u00e9troite collaboration&hellip;<\/p>\n","protected":false},"author":5,"featured_media":0,"parent":0,"menu_order":0,"comment_status":"closed","ping_status":"closed","template":"","meta":{"_acf_changed":false,"footnotes":""},"class_list":["post-5426","page","type-page","status-publish","hentry"],"acf":[],"_links":{"self":[{"href":"https:\/\/www.stayconcrete.com\/fr\/wp-json\/wp\/v2\/pages\/5426","targetHints":{"allow":["GET"]}}],"collection":[{"href":"https:\/\/www.stayconcrete.com\/fr\/wp-json\/wp\/v2\/pages"}],"about":[{"href":"https:\/\/www.stayconcrete.com\/fr\/wp-json\/wp\/v2\/types\/page"}],"author":[{"embeddable":true,"href":"https:\/\/www.stayconcrete.com\/fr\/wp-json\/wp\/v2\/users\/5"}],"replies":[{"embeddable":true,"href":"https:\/\/www.stayconcrete.com\/fr\/wp-json\/wp\/v2\/comments?post=5426"}],"version-history":[{"count":0,"href":"https:\/\/www.stayconcrete.com\/fr\/wp-json\/wp\/v2\/pages\/5426\/revisions"}],"wp:attachment":[{"href":"https:\/\/www.stayconcrete.com\/fr\/wp-json\/wp\/v2\/media?parent=5426"}],"curies":[{"name":"wp","href":"https:\/\/api.w.org\/{rel}","templated":true}]}}