{"id":5343,"date":"2023-02-09T18:04:35","date_gmt":"2023-02-09T18:04:35","guid":{"rendered":"https:\/\/www.stayconcrete.com\/?page_id=5343"},"modified":"2023-03-07T16:51:10","modified_gmt":"2023-03-07T16:51:10","slug":"supports-a-velos","status":"publish","type":"page","link":"https:\/\/www.stayconcrete.com\/fr\/supports-a-velos\/","title":{"rendered":"Supports \u00e0 V\u00e9lo"},"content":{"rendered":"<div class=\"wpb-content-wrapper\"><p>[vc_row][vc_column][vc_empty_space][\/vc_column][\/vc_row][vc_row][vc_column][vc_column_text]<\/p>\n<h1>SUPPORTS \u00e0 V\u00c9LOS EN B\u00c9TON &#8211; POUR LES ESPACES URBAINS ET COMMERCIAUX<\/h1>\n<p>[\/vc_column_text][\/vc_column][\/vc_row][vc_row][vc_column][vc_column_text]Avec la prise de conscience \u00e9cologique, le nombre de cyclistes dans les centres-villes augmente. Le besoin de places de stationnement pour v\u00e9los augmente en cons\u00e9quence. stayconcrete propose aux villes et aux communes des solutions de design durables qui allient fonctionnalit\u00e9, mat\u00e9riaux \u00e9cologiques et production locale au Luxembourg. Notre premier mod\u00e8le est le support \u00e0 v\u00e9los en b\u00e9ton GINGKO. D&rsquo;autres supports pour v\u00e9los avec des si\u00e8ges, des emplacements pour le chargement d&rsquo;appareils \u00e9lectroniques, une protection contre la pluie et d&rsquo;autres exigences sont en cours de d\u00e9veloppement. N&rsquo;h\u00e9sitez pas \u00e0 nous faire part de vos besoins en mati\u00e8re de mobilier urbain durable.<\/p>\n<p><a href=\"https:\/\/www.stayconcrete.com\/fr\/contact\/\">Nous nous r\u00e9jouissons de votre demande.<\/a>[\/vc_column_text][\/vc_column][\/vc_row][vc_row][vc_column][lab_portfolio_items category_filter=\u00a0\u00bbno\u00a0\u00bb portfolio_query=\u00a0\u00bbsize:12|order_by:date|post_type:portfolio|by_id:5301&Prime;][\/vc_column][vc_column][vc_column_text]<\/p>\n<p class=\"p2\"><span class=\"s1\">Parlez-nous de vos souhaits et de vos id\u00e9es. Nous nous ferons un plaisir de vous conseiller sur votre solution design individuelle en b\u00e9ton. <a href=\"https:\/\/www.stayconcrete.com\/fr\/contact\/\">Envoyez-nous un e-mail.<\/a><\/span><\/p>\n<p>[\/vc_column_text][\/vc_column][\/vc_row]<\/p>\n<\/div>","protected":false},"excerpt":{"rendered":"<p>[vc_row][vc_column][vc_empty_space][\/vc_column][\/vc_row][vc_row][vc_column][vc_column_text] SUPPORTS \u00e0 V\u00c9LOS EN B\u00c9TON &#8211; POUR LES ESPACES URBAINS ET COMMERCIAUX [\/vc_column_text][\/vc_column][\/vc_row][vc_row][vc_column][vc_column_text]Avec la prise de conscience \u00e9cologique, le nombre de cyclistes dans les centres-villes augmente. Le besoin de places de stationnement pour v\u00e9los augmente en cons\u00e9quence. stayconcrete propose aux villes et aux communes des solutions de design durables qui allient fonctionnalit\u00e9, mat\u00e9riaux \u00e9cologiques&hellip;<\/p>\n","protected":false},"author":5,"featured_media":0,"parent":0,"menu_order":0,"comment_status":"closed","ping_status":"closed","template":"","meta":{"_acf_changed":false,"footnotes":""},"class_list":["post-5343","page","type-page","status-publish","hentry"],"acf":[],"_links":{"self":[{"href":"https:\/\/www.stayconcrete.com\/fr\/wp-json\/wp\/v2\/pages\/5343","targetHints":{"allow":["GET"]}}],"collection":[{"href":"https:\/\/www.stayconcrete.com\/fr\/wp-json\/wp\/v2\/pages"}],"about":[{"href":"https:\/\/www.stayconcrete.com\/fr\/wp-json\/wp\/v2\/types\/page"}],"author":[{"embeddable":true,"href":"https:\/\/www.stayconcrete.com\/fr\/wp-json\/wp\/v2\/users\/5"}],"replies":[{"embeddable":true,"href":"https:\/\/www.stayconcrete.com\/fr\/wp-json\/wp\/v2\/comments?post=5343"}],"version-history":[{"count":0,"href":"https:\/\/www.stayconcrete.com\/fr\/wp-json\/wp\/v2\/pages\/5343\/revisions"}],"wp:attachment":[{"href":"https:\/\/www.stayconcrete.com\/fr\/wp-json\/wp\/v2\/media?parent=5343"}],"curies":[{"name":"wp","href":"https:\/\/api.w.org\/{rel}","templated":true}]}}