{"id":5331,"date":"2023-02-09T16:39:25","date_gmt":"2023-02-09T16:39:25","guid":{"rendered":"https:\/\/www.stayconcrete.com\/?page_id=5331"},"modified":"2023-03-07T17:02:25","modified_gmt":"2023-03-07T17:02:25","slug":"art-en-beton","status":"publish","type":"page","link":"https:\/\/www.stayconcrete.com\/fr\/art-en-beton\/","title":{"rendered":"Art en b\u00e9ton"},"content":{"rendered":"<div class=\"wpb-content-wrapper\"><p>[vc_row][vc_column][vc_empty_space][\/vc_column][\/vc_row][vc_row][vc_column][vc_column_text]<\/p>\n<h1>OBJETS, SCULPTURES, ID\u00c9ES &#8211; L&rsquo;ART EN B\u00c9TON<\/h1>\n<p>[\/vc_column_text][\/vc_column][\/vc_row][vc_row][vc_column][vc_column_text]Qu&rsquo;il s&rsquo;agisse d&rsquo;une figure l\u00e9gendaire ou d&rsquo;un avion en papier surdimensionn\u00e9, presque tout peut \u00eatre coul\u00e9 dans du b\u00e9ton, \u00e0 condition de bien conna\u00eetre ce mat\u00e9riau exigeant et apparemment impr\u00e9visible qu&rsquo;est le b\u00e9ton. stayconcrete est l&rsquo;un des rares sp\u00e9cialistes du b\u00e9ton \u00e0 poss\u00e9der le savoir-faire et l&rsquo;expertise n\u00e9cessaires pour couler dans du b\u00e9ton des objets m\u00eame difficiles, tr\u00e8s complexes ou extr\u00eamement grands, pour les terminer de mani\u00e8re irr\u00e9prochable &#8211; et pour les installer sur leur lieu d&rsquo;utilisation dans les d\u00e9lais et sans les endommager. M\u00eame pour les plus grandes dimensions et les poids de plusieurs tonnes. De l&rsquo;art dans le b\u00e2timent, dans le paysage ou ailleurs. Nous nous r\u00e9jouissons de vos projets !<\/p>\n<p><a href=\"https:\/\/www.stayconcrete.com\/fr\/contact\/\">N&rsquo;h\u00e9sitez pas \u00e0 nous faire part de vos id\u00e9es.<\/a>[\/vc_column_text][\/vc_column][\/vc_row][vc_row][vc_column][lab_portfolio_items category_filter=\u00a0\u00bbno\u00a0\u00bb portfolio_query=\u00a0\u00bbsize:12|order_by:date|post_type:portfolio|by_id:4715,1866,1676,5038&Prime;][\/vc_column][vc_column][vc_column_text]<\/p>\n<p class=\"p2\"><span class=\"s1\">Parlez-nous de vos souhaits et de vos id\u00e9es. Nous nous ferons un plaisir de vous conseiller sur votre solution design individuelle en b\u00e9ton. <a href=\"https:\/\/www.stayconcrete.com\/fr\/contact\/\">Envoyez-nous un e-mail.<\/a><\/span><\/p>\n<p>[\/vc_column_text][\/vc_column][\/vc_row]<\/p>\n<\/div>","protected":false},"excerpt":{"rendered":"<p>[vc_row][vc_column][vc_empty_space][\/vc_column][\/vc_row][vc_row][vc_column][vc_column_text] OBJETS, SCULPTURES, ID\u00c9ES &#8211; L&rsquo;ART EN B\u00c9TON [\/vc_column_text][\/vc_column][\/vc_row][vc_row][vc_column][vc_column_text]Qu&rsquo;il s&rsquo;agisse d&rsquo;une figure l\u00e9gendaire ou d&rsquo;un avion en papier surdimensionn\u00e9, presque tout peut \u00eatre coul\u00e9 dans du b\u00e9ton, \u00e0 condition de bien conna\u00eetre ce mat\u00e9riau exigeant et apparemment impr\u00e9visible qu&rsquo;est le b\u00e9ton. stayconcrete est l&rsquo;un des rares sp\u00e9cialistes du b\u00e9ton \u00e0 poss\u00e9der le savoir-faire et l&rsquo;expertise&hellip;<\/p>\n","protected":false},"author":5,"featured_media":0,"parent":0,"menu_order":0,"comment_status":"closed","ping_status":"closed","template":"","meta":{"_acf_changed":false,"footnotes":""},"class_list":["post-5331","page","type-page","status-publish","hentry"],"acf":[],"_links":{"self":[{"href":"https:\/\/www.stayconcrete.com\/fr\/wp-json\/wp\/v2\/pages\/5331","targetHints":{"allow":["GET"]}}],"collection":[{"href":"https:\/\/www.stayconcrete.com\/fr\/wp-json\/wp\/v2\/pages"}],"about":[{"href":"https:\/\/www.stayconcrete.com\/fr\/wp-json\/wp\/v2\/types\/page"}],"author":[{"embeddable":true,"href":"https:\/\/www.stayconcrete.com\/fr\/wp-json\/wp\/v2\/users\/5"}],"replies":[{"embeddable":true,"href":"https:\/\/www.stayconcrete.com\/fr\/wp-json\/wp\/v2\/comments?post=5331"}],"version-history":[{"count":0,"href":"https:\/\/www.stayconcrete.com\/fr\/wp-json\/wp\/v2\/pages\/5331\/revisions"}],"wp:attachment":[{"href":"https:\/\/www.stayconcrete.com\/fr\/wp-json\/wp\/v2\/media?parent=5331"}],"curies":[{"name":"wp","href":"https:\/\/api.w.org\/{rel}","templated":true}]}}