{"id":5327,"date":"2023-02-09T17:27:40","date_gmt":"2023-02-09T17:27:40","guid":{"rendered":"https:\/\/www.stayconcrete.com\/?page_id=5327"},"modified":"2023-03-07T16:52:23","modified_gmt":"2023-03-07T16:52:23","slug":"dalle-de-sol-pave-en-beton","status":"publish","type":"page","link":"https:\/\/www.stayconcrete.com\/fr\/dalle-de-sol-pave-en-beton\/","title":{"rendered":"Dalle de sol\/pav\u00e9 en b\u00e9ton"},"content":{"rendered":"<div class=\"wpb-content-wrapper\"><p>[vc_row][vc_column][vc_empty_space][\/vc_column][\/vc_row][vc_row][vc_column][vc_column_text]<\/p>\n<h1 style=\"text-align: left;\">DALLES ET PAV\u00c9S EN B\u00c9TON. \u00c9COLOGIQUE, DURABLE, URBAIN.<\/h1>\n<p>[\/vc_column_text][vc_column_text]Places, boulevards, promenades, parcs &#8211; stayconcrete propose une gamme de dalles et de pav\u00e9s en b\u00e9ton de haute qualit\u00e9 pour l&rsquo;am\u00e9nagement de surfaces de sol urbaines. Nos \u00e9l\u00e9ments en b\u00e9ton sont fabriqu\u00e9s \u00e0 partir de b\u00e9ton haute performance durable &#8211; 100% made in Luxembourg. Les dalles et pav\u00e9s en b\u00e9ton de stayconcrete sont synonymes de design, d&rsquo;esth\u00e9tique et d&rsquo;extr\u00eame robustesse.<\/p>\n<p><a href=\"https:\/\/www.stayconcrete.com\/fr\/contact\/\">Nous nous r\u00e9jouissons de votre demande.<\/a>[\/vc_column_text][\/vc_column][\/vc_row][vc_row][vc_column][lab_portfolio_items category_filter=\u00a0\u00bbno\u00a0\u00bb columns=\u00a0\u00bb2&Prime; reveal_effect=\u00a0\u00bbfade-one\u00a0\u00bb pagination_type=\u00a0\u00bbhide\u00a0\u00bb portfolio_query=\u00a0\u00bbsize:12|order_by:date|order:ASC|post_type:portfolio|by_id:4799,4796,4794,4792,4772,4760&Prime; el_class=\u00a0\u00bbhomepage-classes\u00a0\u00bb][vc_column_text]<\/p>\n<p class=\"p2\"><span class=\"s1\">Parlez-nous de vos souhaits et de vos id\u00e9es. Nous nous ferons un plaisir de vous conseiller sur votre solution design individuelle en b\u00e9ton. <a href=\"https:\/\/www.stayconcrete.com\/fr\/contact\/\">Nous nous r\u00e9jouissons de votre demande.<\/a><\/span><\/p>\n<p>[\/vc_column_text][\/vc_column][\/vc_row]<\/p>\n<\/div>","protected":false},"excerpt":{"rendered":"<p>[vc_row][vc_column][vc_empty_space][\/vc_column][\/vc_row][vc_row][vc_column][vc_column_text] DALLES ET PAV\u00c9S EN B\u00c9TON. \u00c9COLOGIQUE, DURABLE, URBAIN. [\/vc_column_text][vc_column_text]Places, boulevards, promenades, parcs &#8211; stayconcrete propose une gamme de dalles et de pav\u00e9s en b\u00e9ton de haute qualit\u00e9 pour l&rsquo;am\u00e9nagement de surfaces de sol urbaines. Nos \u00e9l\u00e9ments en b\u00e9ton sont fabriqu\u00e9s \u00e0 partir de b\u00e9ton haute performance durable &#8211; 100% made in Luxembourg. Les dalles&hellip;<\/p>\n","protected":false},"author":5,"featured_media":0,"parent":0,"menu_order":0,"comment_status":"closed","ping_status":"closed","template":"","meta":{"_acf_changed":false,"footnotes":""},"class_list":["post-5327","page","type-page","status-publish","hentry"],"acf":[],"_links":{"self":[{"href":"https:\/\/www.stayconcrete.com\/fr\/wp-json\/wp\/v2\/pages\/5327","targetHints":{"allow":["GET"]}}],"collection":[{"href":"https:\/\/www.stayconcrete.com\/fr\/wp-json\/wp\/v2\/pages"}],"about":[{"href":"https:\/\/www.stayconcrete.com\/fr\/wp-json\/wp\/v2\/types\/page"}],"author":[{"embeddable":true,"href":"https:\/\/www.stayconcrete.com\/fr\/wp-json\/wp\/v2\/users\/5"}],"replies":[{"embeddable":true,"href":"https:\/\/www.stayconcrete.com\/fr\/wp-json\/wp\/v2\/comments?post=5327"}],"version-history":[{"count":0,"href":"https:\/\/www.stayconcrete.com\/fr\/wp-json\/wp\/v2\/pages\/5327\/revisions"}],"wp:attachment":[{"href":"https:\/\/www.stayconcrete.com\/fr\/wp-json\/wp\/v2\/media?parent=5327"}],"curies":[{"name":"wp","href":"https:\/\/api.w.org\/{rel}","templated":true}]}}