{"id":5287,"date":"2023-02-09T17:27:52","date_gmt":"2023-02-09T17:27:52","guid":{"rendered":"https:\/\/www.stayconcrete.com\/?page_id=5287"},"modified":"2023-03-07T16:27:54","modified_gmt":"2023-03-07T16:27:54","slug":"bancs-en-beton","status":"publish","type":"page","link":"https:\/\/www.stayconcrete.com\/fr\/bancs-en-beton\/","title":{"rendered":"Bancs en b\u00e9ton"},"content":{"rendered":"<div class=\"wpb-content-wrapper\"><p>[vc_row][vc_column][vc_empty_space][\/vc_column][\/vc_row][vc_row][vc_column][vc_column_text]<\/p>\n<h1 style=\"text-align: left;\">BANCS EN B\u00c9TON POUR LA VILLE, LE PARC OU L&rsquo;ESPACE EXT\u00c9RIEUR PRIV\u00c9<\/h1>\n<p>[\/vc_column_text][vc_column_text]Les bancs en b\u00e9ton de stayconcrete sont synonymes de bon design, de grande esth\u00e9tique et d&rsquo;extr\u00eame robustesse. Les domaines d&rsquo;utilisation sont illimit\u00e9s : qu&rsquo;il s&rsquo;agisse de mobilier urbain dans l&rsquo;espace public ou d&rsquo;ensembles de si\u00e8ges dans les entreprises, la gastronomie et l&rsquo;h\u00f4tellerie, le b\u00e9ton est le mat\u00e9riau id\u00e9al pour un bon design &#8211; dans la couleur de votre choix.<\/p>\n<p>Parlez-nous de vos id\u00e9es de design. Nous nous ferons un plaisir de vous conseiller sur votre banquette individuelle en b\u00e9ton. <a href=\"https:\/\/www.stayconcrete.com\/fr\/contact\/\">Envoyez-nous un e-mail.<\/a>[\/vc_column_text][\/vc_column][\/vc_row][vc_row][vc_column][lab_portfolio_items category_filter=\u00a0\u00bbno\u00a0\u00bb columns=\u00a0\u00bb2&Prime; reveal_effect=\u00a0\u00bbfade-one\u00a0\u00bb pagination_type=\u00a0\u00bbhide\u00a0\u00bb portfolio_query=\u00a0\u00bbsize:12|order_by:date|post_type:portfolio|by_id:2641,2645,2659,2505,1024&Prime; el_class=\u00a0\u00bbhomepage-classes\u00a0\u00bb][vc_column_text]<\/p>\n<p class=\"p2\"><span class=\"s1\">Parlez-nous de vos souhaits et de vos id\u00e9es. Nous nous ferons un plaisir de vous conseiller sur votre solution design individuelle en b\u00e9ton. <\/span><span class=\"s1\"><a href=\"https:\/\/www.stayconcrete.com\/fr\/contact\/\">Envoyez-nous un e-mail.<\/a><\/span><\/p>\n<p>[\/vc_column_text][\/vc_column][\/vc_row]<\/p>\n<\/div>","protected":false},"excerpt":{"rendered":"<p>[vc_row][vc_column][vc_empty_space][\/vc_column][\/vc_row][vc_row][vc_column][vc_column_text] BANCS EN B\u00c9TON POUR LA VILLE, LE PARC OU L&rsquo;ESPACE EXT\u00c9RIEUR PRIV\u00c9 [\/vc_column_text][vc_column_text]Les bancs en b\u00e9ton de stayconcrete sont synonymes de bon design, de grande esth\u00e9tique et d&rsquo;extr\u00eame robustesse. Les domaines d&rsquo;utilisation sont illimit\u00e9s : qu&rsquo;il s&rsquo;agisse de mobilier urbain dans l&rsquo;espace public ou d&rsquo;ensembles de si\u00e8ges dans les entreprises, la gastronomie et l&rsquo;h\u00f4tellerie,&hellip;<\/p>\n","protected":false},"author":5,"featured_media":0,"parent":0,"menu_order":0,"comment_status":"closed","ping_status":"closed","template":"","meta":{"_acf_changed":false,"footnotes":""},"class_list":["post-5287","page","type-page","status-publish","hentry"],"acf":[],"_links":{"self":[{"href":"https:\/\/www.stayconcrete.com\/fr\/wp-json\/wp\/v2\/pages\/5287","targetHints":{"allow":["GET"]}}],"collection":[{"href":"https:\/\/www.stayconcrete.com\/fr\/wp-json\/wp\/v2\/pages"}],"about":[{"href":"https:\/\/www.stayconcrete.com\/fr\/wp-json\/wp\/v2\/types\/page"}],"author":[{"embeddable":true,"href":"https:\/\/www.stayconcrete.com\/fr\/wp-json\/wp\/v2\/users\/5"}],"replies":[{"embeddable":true,"href":"https:\/\/www.stayconcrete.com\/fr\/wp-json\/wp\/v2\/comments?post=5287"}],"version-history":[{"count":0,"href":"https:\/\/www.stayconcrete.com\/fr\/wp-json\/wp\/v2\/pages\/5287\/revisions"}],"wp:attachment":[{"href":"https:\/\/www.stayconcrete.com\/fr\/wp-json\/wp\/v2\/media?parent=5287"}],"curies":[{"name":"wp","href":"https:\/\/api.w.org\/{rel}","templated":true}]}}