{"id":5284,"date":"2023-02-09T18:17:48","date_gmt":"2023-02-09T18:17:48","guid":{"rendered":"https:\/\/www.stayconcrete.com\/?page_id=5284"},"modified":"2024-05-03T15:51:33","modified_gmt":"2024-05-03T15:51:33","slug":"urban-design","status":"publish","type":"page","link":"https:\/\/www.stayconcrete.com\/fr\/urban-design\/","title":{"rendered":"Urban Design"},"content":{"rendered":"<div class=\"wpb-content-wrapper\"><p>[vc_row][vc_column][vc_empty_space][vc_custom_heading text=\u00a0\u00bbUrban Design\u00a0\u00bb font_container=\u00a0\u00bbtag:h5|text_align:left\u00a0\u00bb use_theme_fonts=\u00a0\u00bbyes\u00a0\u00bb][vc_custom_heading text=\u00a0\u00bbMOBILIER URBAIN EN B\u00c9TON. BEAU, FONCTIONNEL, ROBUSTE.\u00a0\u00bb font_container=\u00a0\u00bbtag:h1|text_align:left\u00a0\u00bb use_theme_fonts=\u00a0\u00bbyes\u00a0\u00bb][vc_custom_heading text=\u00a0\u00bbDesign en b\u00e9ton pour un urbanisme moderne\u00a0\u00bb use_theme_fonts=\u00a0\u00bbyes\u00a0\u00bb][vc_column_text]Les exigences pos\u00e9es \u00e0 l&rsquo;espace public dans les villes, les quartiers et les communes sont de plus en plus vari\u00e9es. Aujourd&rsquo;hui, l&rsquo;espace public peut et doit remplir diff\u00e9rentes fonctions tout en offrant un maximum de qualit\u00e9 de vie : en tant qu&rsquo;espace de circulation et\/ou en tant qu&rsquo;espace de rencontre et de d\u00e9tente. stayconcrete soutient les urbanistes dans l&rsquo;am\u00e9nagement de l&rsquo;espace public avec des solutions de design en b\u00e9ton intelligemment con\u00e7ues. Qu&rsquo;il s&rsquo;agisse de dalles de sol adapt\u00e9es aux besoins, d&rsquo;ensembles de si\u00e8ges, de supports pour v\u00e9los ou de bornes de protection &#8211; le design en b\u00e9ton de stayconcrete offre des r\u00e9ponses aux exigences modernes en mati\u00e8re de mobilier urbain et d&rsquo;am\u00e9nagement du sol.<\/p>\n<p><a href=\"https:\/\/www.stayconcrete.com\/fr\/contact\/\">N&rsquo;h\u00e9sitez pas \u00e0 nous contacter personnellement pour nous faire part de vos besoins en mobilier urbain.<\/a>[\/vc_column_text][vc_custom_heading text=\u00a0\u00bbGamme de produits\u00a0\u00bb font_container=\u00a0\u00bbtag:h4|text_align:left\u00a0\u00bb use_theme_fonts=\u00a0\u00bbyes\u00a0\u00bb][\/vc_column][\/vc_row][vc_row][vc_column width=\u00a0\u00bb1\/2&Prime;][vc_single_image image=\u00a0\u00bb3765&Prime; img_size=\u00a0\u00bb450&#215;300&Prime; onclick=\u00a0\u00bbcustom_link\u00a0\u00bb link=\u00a0\u00bbhttps:\/\/www.stayconcrete.com\/fr\/bancs-en-beton\/\u00a0\u00bb][vc_column_text]<\/p>\n<h2>Bancs<\/h2>\n<p class=\"p1\"><span class=\"s1\">Les bancs en b\u00e9ton de stayconcrete sont synonymes de bon design, de grande esth\u00e9tique et d&rsquo;extr\u00eame robustesse. Du mobilier urbain dans l&rsquo;espace public \u00e0 l&rsquo;ensemble de si\u00e8ges, d\u00e9couvrez notre gamme.<a href=\"https:\/\/www.stayconcrete.com\/fr\/bancs-en-beton\/\"> Vers l&rsquo;aper\u00e7u des produits.<\/a><\/span><\/p>\n<p>[\/vc_column_text][\/vc_column][vc_column width=\u00a0\u00bb1\/2&Prime;][vc_single_image image=\u00a0\u00bb3952&Prime; img_size=\u00a0\u00bb450&#215;300&Prime; onclick=\u00a0\u00bbcustom_link\u00a0\u00bb css=\u00a0\u00bb\u00a0\u00bb link=\u00a0\u00bbhttps:\/\/www.stayconcrete.com\/fr\/pots-de-fleurs-en-beton\/\u00a0\u00bb][vc_column_text]<\/p>\n<h2>Jardini\u00e8res<\/h2>\n<p>La nature \u00e0 l&rsquo;\u00e9tat pur dans de nombreuses variantes. stayconcrete fabrique les pots \u00e0 plantes nobles en b\u00e9ton haute performance pur et \u00e9cologique. En tant que mod\u00e8les individuels ou dans le cadre de nos lignes de produits Casablanca et Ichi. <a href=\"https:\/\/www.stayconcrete.com\/fr\/pots-de-fleurs-en-beton-2\/\">Vers l&rsquo;aper\u00e7u des produits<\/a>[\/vc_column_text][\/vc_column][\/vc_row][vc_row][vc_column width=\u00a0\u00bb1\/2&Prime;][vc_single_image image=\u00a0\u00bb3611&Prime; img_size=\u00a0\u00bb450&#215;300&Prime; onclick=\u00a0\u00bbcustom_link\u00a0\u00bb link=\u00a0\u00bbhttps:\/\/www.stayconcrete.com\/fr\/supports-a-velos\/\u00a0\u00bb][vc_column_text css=\u00a0\u00bb\u00a0\u00bb]<\/p>\n<h2>Supports \u00e0 v\u00e9los<\/h2>\n<p>Nous r\u00e9pondons \u00e0 la croissance rapide du nombre de cyclistes par des solutions de design durables : D\u00e9couvrez notre prototype : le parking \u00e0 v\u00e9los communicant Gingko. <a href=\"https:\/\/www.stayconcrete.com\/fr\/supports-a-velos\/\">Vers l&rsquo;aper\u00e7u des produits<\/a>[\/vc_column_text][\/vc_column][vc_column width=\u00a0\u00bb1\/2&Prime;][vc_single_image image=\u00a0\u00bb4849&Prime; img_size=\u00a0\u00bb450&#215;300&Prime; onclick=\u00a0\u00bbcustom_link\u00a0\u00bb link=\u00a0\u00bbhttps:\/\/www.stayconcrete.com\/fr\/dalle-de-sol-pave-en-beton\/\u00a0\u00bb][vc_column_text]<\/p>\n<h2>Dalles de sol et pav\u00e9s<\/h2>\n<p>stayconcrete propose une gamme de dalles et de pav\u00e9s en b\u00e9ton de haute qualit\u00e9 pour l&rsquo;am\u00e9nagement durable et moderne de surfaces urbaines. <a href=\"https:\/\/www.stayconcrete.com\/fr\/dalle-de-sol-pave-en-beton\/\">Vers l&rsquo;aper\u00e7u des produits<\/a>[\/vc_column_text][\/vc_column][\/vc_row][vc_row][vc_column width=\u00a0\u00bb1\/2&Prime;][vc_single_image image=\u00a0\u00bb4687&Prime; img_size=\u00a0\u00bb450&#215;300&Prime; onclick=\u00a0\u00bbcustom_link\u00a0\u00bb link=\u00a0\u00bbhttps:\/\/www.stayconcrete.com\/fr\/art-en-beton\/\u00a0\u00bb][vc_column_text]<\/p>\n<h2>Art en b\u00e9ton<\/h2>\n<p>Qu&rsquo;il s&rsquo;agisse d&rsquo;une fontaine ou d&rsquo;une sculpture, stayconcrete ma\u00eetrise l&rsquo;art de couler dans le b\u00e9ton m\u00eame les projets les plus difficiles et les plus grands. <a href=\"https:\/\/www.stayconcrete.com\/fr\/art-en-beton\/\">Vers l&rsquo;aper\u00e7u des produits<\/a>[\/vc_column_text][\/vc_column][vc_column width=\u00a0\u00bb1\/2&Prime;][\/vc_column][\/vc_row]<\/p>\n<\/div>","protected":false},"excerpt":{"rendered":"<p>[vc_row][vc_column][vc_empty_space][vc_custom_heading text=\u00a0\u00bbUrban Design\u00a0\u00bb font_container=\u00a0\u00bbtag:h5|text_align:left\u00a0\u00bb use_theme_fonts=\u00a0\u00bbyes\u00a0\u00bb][vc_custom_heading text=\u00a0\u00bbMOBILIER URBAIN EN B\u00c9TON. BEAU, FONCTIONNEL, ROBUSTE.\u00a0\u00bb font_container=\u00a0\u00bbtag:h1|text_align:left\u00a0\u00bb use_theme_fonts=\u00a0\u00bbyes\u00a0\u00bb][vc_custom_heading text=\u00a0\u00bbDesign en b\u00e9ton pour un urbanisme moderne\u00a0\u00bb use_theme_fonts=\u00a0\u00bbyes\u00a0\u00bb][vc_column_text]Les exigences pos\u00e9es \u00e0 l&rsquo;espace public dans les villes, les quartiers et les communes sont de plus en plus vari\u00e9es. Aujourd&rsquo;hui, l&rsquo;espace public peut et doit remplir diff\u00e9rentes fonctions tout en offrant un maximum&hellip;<\/p>\n","protected":false},"author":5,"featured_media":0,"parent":0,"menu_order":0,"comment_status":"closed","ping_status":"closed","template":"","meta":{"_acf_changed":false,"footnotes":""},"class_list":["post-5284","page","type-page","status-publish","hentry"],"acf":[],"_links":{"self":[{"href":"https:\/\/www.stayconcrete.com\/fr\/wp-json\/wp\/v2\/pages\/5284","targetHints":{"allow":["GET"]}}],"collection":[{"href":"https:\/\/www.stayconcrete.com\/fr\/wp-json\/wp\/v2\/pages"}],"about":[{"href":"https:\/\/www.stayconcrete.com\/fr\/wp-json\/wp\/v2\/types\/page"}],"author":[{"embeddable":true,"href":"https:\/\/www.stayconcrete.com\/fr\/wp-json\/wp\/v2\/users\/5"}],"replies":[{"embeddable":true,"href":"https:\/\/www.stayconcrete.com\/fr\/wp-json\/wp\/v2\/comments?post=5284"}],"version-history":[{"count":0,"href":"https:\/\/www.stayconcrete.com\/fr\/wp-json\/wp\/v2\/pages\/5284\/revisions"}],"wp:attachment":[{"href":"https:\/\/www.stayconcrete.com\/fr\/wp-json\/wp\/v2\/media?parent=5284"}],"curies":[{"name":"wp","href":"https:\/\/api.w.org\/{rel}","templated":true}]}}