{"id":5167,"date":"2023-02-03T14:56:06","date_gmt":"2023-02-03T14:56:06","guid":{"rendered":"https:\/\/www.stayconcrete.com\/?page_id=5167"},"modified":"2023-02-03T15:09:23","modified_gmt":"2023-02-03T15:09:23","slug":"informations-legales","status":"publish","type":"page","link":"https:\/\/www.stayconcrete.com\/fr\/informations-legales\/","title":{"rendered":"Informations l\u00e9gales"},"content":{"rendered":"<h1>Informations l\u00e9gales<\/h1>\n<p>Quartier g\u00e9n\u00e9ral :<br \/>\nContern SA \/ Stayconcrete<br \/>\nRue Paul Rischard, 11<br \/>\n5324 Contern<br \/>\nLuxembourg<br \/>\n<a title=\"http:\/\/www.contern.com\/\" contenteditable=\"false\" href=\"http:\/\/www.contern.com\/\" target=\"_blank\" rel=\"noopener\"><span lang=\"EN-US\">www.contern.com<\/span><\/a><\/p>\n<p>Conseil de direction : RD Participations<br \/>\nFondateur stayconcrete \/ Conseiller technique : <a href=\"mailto:info@stayconcrete.com\">Petar Ivanisevic<\/a><\/p>\n<p>T\u00e9l. : +352\u200235\u200288\u200211-277<\/p>\n<p>E-Mail : <a href=\"mailto:info@stayconcrete.com\">info@stayconcrete.com<\/a><\/p>\n<p>Cour de registre : Luxemburg<br \/>\nNum\u00e9ro de registre : MWST 2011-2441566 \/Registre de commerce : 10019861<\/p>\n<p>Num\u00e9ro d&rsquo;identification de la taxe sur le chiffre d&rsquo;affaires conform\u00e9ment au \u00a7 27 a de la loi sur la taxe sur le chiffre d&rsquo;affaires : LU25295012<\/p>\n","protected":false},"excerpt":{"rendered":"<p>Informations l\u00e9gales Quartier g\u00e9n\u00e9ral : Contern SA \/ Stayconcrete Rue Paul Rischard, 11 5324 Contern Luxembourg www.contern.com Conseil de direction : RD Participations Fondateur stayconcrete \/ Conseiller technique : Petar Ivanisevic T\u00e9l. : +352\u200235\u200288\u200211-277 E-Mail : info@stayconcrete.com Cour de registre : Luxemburg Num\u00e9ro de registre : MWST 2011-2441566 \/Registre de commerce : 10019861 Num\u00e9ro d&rsquo;identification&hellip;<\/p>\n","protected":false},"author":5,"featured_media":0,"parent":0,"menu_order":0,"comment_status":"closed","ping_status":"closed","template":"","meta":{"_acf_changed":false,"footnotes":""},"class_list":["post-5167","page","type-page","status-publish","hentry"],"acf":[],"_links":{"self":[{"href":"https:\/\/www.stayconcrete.com\/fr\/wp-json\/wp\/v2\/pages\/5167","targetHints":{"allow":["GET"]}}],"collection":[{"href":"https:\/\/www.stayconcrete.com\/fr\/wp-json\/wp\/v2\/pages"}],"about":[{"href":"https:\/\/www.stayconcrete.com\/fr\/wp-json\/wp\/v2\/types\/page"}],"author":[{"embeddable":true,"href":"https:\/\/www.stayconcrete.com\/fr\/wp-json\/wp\/v2\/users\/5"}],"replies":[{"embeddable":true,"href":"https:\/\/www.stayconcrete.com\/fr\/wp-json\/wp\/v2\/comments?post=5167"}],"version-history":[{"count":0,"href":"https:\/\/www.stayconcrete.com\/fr\/wp-json\/wp\/v2\/pages\/5167\/revisions"}],"wp:attachment":[{"href":"https:\/\/www.stayconcrete.com\/fr\/wp-json\/wp\/v2\/media?parent=5167"}],"curies":[{"name":"wp","href":"https:\/\/api.w.org\/{rel}","templated":true}]}}