{"id":4573,"date":"2023-02-11T13:28:11","date_gmt":"2023-02-11T13:28:11","guid":{"rendered":"https:\/\/www.stayconcrete.com\/?page_id=4573"},"modified":"2023-10-31T15:27:20","modified_gmt":"2023-10-31T15:27:20","slug":"gastro-business-design","status":"publish","type":"page","link":"https:\/\/www.stayconcrete.com\/fr\/gastro-business-design\/","title":{"rendered":"Business \/ Gastro Design"},"content":{"rendered":"<div class=\"wpb-content-wrapper\"><p>[vc_row][vc_column][vc_empty_space][vc_custom_heading text=\u00a0\u00bbBusiness \/ Gastro Design\u00a0\u00bb font_container=\u00a0\u00bbtag:h5|text_align:left\u00a0\u00bb use_theme_fonts=\u00a0\u00bbyes\u00a0\u00bb][vc_custom_heading text=\u00a0\u00bbDesign d&rsquo;int\u00e9rieur en b\u00e9ton. \u00c9l\u00e9gant, indestructible, r\u00e9sistant aux intemp\u00e9ries.\u00a0\u00bb font_container=\u00a0\u00bbtag:h1|text_align:left\u00a0\u00bb use_theme_fonts=\u00a0\u00bbyes\u00a0\u00bb][vc_custom_heading text=\u00a0\u00bbConception de b\u00e9ton pour les grands comptes et les entreprises\u00a0\u00bb use_theme_fonts=\u00a0\u00bbyes\u00a0\u00bb][vc_column_text]Le design d&rsquo;int\u00e9rieur comme facteur de succ\u00e8s. stayconcrete soutient les architectes d&rsquo;int\u00e9rieur, les restaurateurs et les clients commerciaux dans la conception d&rsquo;espaces int\u00e9rieurs et ext\u00e9rieurs. Qu&rsquo;il s&rsquo;agisse d&rsquo;un espace de vente ou d&rsquo;accueil, d&rsquo;un comptoir de restauration unique, d&rsquo;\u00e9l\u00e9gantes chaises longues pour spa ou terrasse &#8211; le design en b\u00e9ton de stayconcrete cr\u00e9e une ambiance durable et moderne avec un facteur de bien-\u00eatre \u00e9lev\u00e9. D\u00e9couvrez \u00e9galement nos bancs et chaises longues avec modules de chauffage int\u00e9gr\u00e9s : id\u00e9al pour la gastronomie en ext\u00e9rieur, m\u00eame par des temp\u00e9ratures tr\u00e8s n\u00e9gatives.<\/p>\n<p><a href=\"https:\/\/www.stayconcrete.com\/fr\/contact\/\">N&rsquo;h\u00e9sitez pas \u00e0 nous contacter personnellement pour nous faire part de vos id\u00e9es.<\/a>[\/vc_column_text][vc_custom_heading text=\u00a0\u00bbPrestations\u00a0\u00bb font_container=\u00a0\u00bbtag:h4|text_align:left\u00a0\u00bb use_theme_fonts=\u00a0\u00bbyes\u00a0\u00bb][\/vc_column][\/vc_row][vc_row][vc_column width=\u00a0\u00bb1\/2&Prime;][vc_single_image image=\u00a0\u00bb3900&Prime; img_size=\u00a0\u00bb450&#215;300&Prime; onclick=\u00a0\u00bbcustom_link\u00a0\u00bb link=\u00a0\u00bbhttps:\/\/www.stayconcrete.com\/fr\/amenagement-de-magasins\/\u00a0\u00bb][vc_column_text]<\/p>\n<h2>Comptoir en b\u00e9ton<\/h2>\n<p>Qu&rsquo;il s&rsquo;agisse d&rsquo;un comptoir d&rsquo;accueil accueillant ou de la r\u00e9ception d&rsquo;un h\u00f4tel, les comptoirs de stayconcrete sont con\u00e7us pour l&rsquo;espace, fabriqu\u00e9s avec pr\u00e9cision sur mesure et en b\u00e9ton robuste haute performance. Nos comptoirs se trouvent aux meilleures adresses du monde entier. <a href=\"https:\/\/www.stayconcrete.com\/fr\/comptoirs-en-beton\/\">Vers les r\u00e9f\u00e9rences<\/a>[\/vc_column_text][vc_single_image image=\u00a0\u00bb3730&Prime; img_size=\u00a0\u00bb450&#215;300&Prime; onclick=\u00a0\u00bbcustom_link\u00a0\u00bb link=\u00a0\u00bbhttps:\/\/www.stayconcrete.com\/fr\/meubles-en-beton-chauffants\/\u00a0\u00bb][vc_column_text]<\/p>\n<h2>Meubles en b\u00e9ton chauff\u00e9s<\/h2>\n<p>Chez stayconcrete, le b\u00e9ton se montre sous son jour le plus chaleureux, m\u00eame aux temp\u00e9ratures les plus basses. D\u00e9couvrez la s\u00e9rie Heated : \u00e9l\u00e9gante, confortable, durable et en m\u00eame temps \u00e9tonnamment efficace sur le plan \u00e9nerg\u00e9tique. <a href=\"https:\/\/www.stayconcrete.com\/fr\/meubles-en-beton-chauffants\/\">Vers les r\u00e9f\u00e9rences<\/a>[\/vc_column_text][\/vc_column][vc_column width=\u00a0\u00bb1\/2&Prime;][vc_single_image image=\u00a0\u00bb2671&Prime; img_size=\u00a0\u00bb450&#215;300&Prime; onclick=\u00a0\u00bbcustom_link\u00a0\u00bb link=\u00a0\u00bbhttps:\/\/www.stayconcrete.com\/fr\/amenagement-de-magasins\/\u00a0\u00bb][vc_column_text]<\/p>\n<h2>Am\u00e9nagement de magasins<\/h2>\n<p>stayconcrete est sp\u00e9cialis\u00e9 dans l&rsquo;am\u00e9nagement int\u00e9rieur exigeant avec du b\u00e9ton haute performance. Nous r\u00e9alisons dans le monde entier des surfaces commerciales modernes, des espaces de travail, des h\u00f4tels, des restaurants et des immeubles d&rsquo;habitation dans le segment du luxe. <a href=\"https:\/\/www.stayconcrete.com\/fr\/amenagement-de-magasins\/\">Vers les r\u00e9f\u00e9rences<\/a>[\/vc_column_text][\/vc_column][\/vc_row]<\/p>\n<\/div>","protected":false},"excerpt":{"rendered":"<p>[vc_row][vc_column][vc_empty_space][vc_custom_heading text=\u00a0\u00bbBusiness \/ Gastro Design\u00a0\u00bb font_container=\u00a0\u00bbtag:h5|text_align:left\u00a0\u00bb use_theme_fonts=\u00a0\u00bbyes\u00a0\u00bb][vc_custom_heading text=\u00a0\u00bbDesign d&rsquo;int\u00e9rieur en b\u00e9ton. \u00c9l\u00e9gant, indestructible, r\u00e9sistant aux intemp\u00e9ries.\u00a0\u00bb font_container=\u00a0\u00bbtag:h1|text_align:left\u00a0\u00bb use_theme_fonts=\u00a0\u00bbyes\u00a0\u00bb][vc_custom_heading text=\u00a0\u00bbConception de b\u00e9ton pour les grands comptes et les entreprises\u00a0\u00bb use_theme_fonts=\u00a0\u00bbyes\u00a0\u00bb][vc_column_text]Le design d&rsquo;int\u00e9rieur comme facteur de succ\u00e8s. stayconcrete soutient les architectes d&rsquo;int\u00e9rieur, les restaurateurs et les clients commerciaux dans la conception d&rsquo;espaces int\u00e9rieurs et ext\u00e9rieurs. Qu&rsquo;il s&rsquo;agisse&hellip;<\/p>\n","protected":false},"author":5,"featured_media":0,"parent":0,"menu_order":0,"comment_status":"closed","ping_status":"closed","template":"","meta":{"_acf_changed":false,"footnotes":""},"class_list":["post-4573","page","type-page","status-publish","hentry"],"acf":[],"_links":{"self":[{"href":"https:\/\/www.stayconcrete.com\/fr\/wp-json\/wp\/v2\/pages\/4573","targetHints":{"allow":["GET"]}}],"collection":[{"href":"https:\/\/www.stayconcrete.com\/fr\/wp-json\/wp\/v2\/pages"}],"about":[{"href":"https:\/\/www.stayconcrete.com\/fr\/wp-json\/wp\/v2\/types\/page"}],"author":[{"embeddable":true,"href":"https:\/\/www.stayconcrete.com\/fr\/wp-json\/wp\/v2\/users\/5"}],"replies":[{"embeddable":true,"href":"https:\/\/www.stayconcrete.com\/fr\/wp-json\/wp\/v2\/comments?post=4573"}],"version-history":[{"count":0,"href":"https:\/\/www.stayconcrete.com\/fr\/wp-json\/wp\/v2\/pages\/4573\/revisions"}],"wp:attachment":[{"href":"https:\/\/www.stayconcrete.com\/fr\/wp-json\/wp\/v2\/media?parent=4573"}],"curies":[{"name":"wp","href":"https:\/\/api.w.org\/{rel}","templated":true}]}}