{"id":4343,"date":"2021-02-09T14:36:42","date_gmt":"2021-02-09T14:36:42","guid":{"rendered":"https:\/\/www.stayconcrete.com\/blumenkuebel-aus-beton\/"},"modified":"2023-03-07T16:30:50","modified_gmt":"2023-03-07T16:30:50","slug":"pots-de-fleurs-en-beton","status":"publish","type":"page","link":"https:\/\/www.stayconcrete.com\/fr\/pots-de-fleurs-en-beton\/","title":{"rendered":"Pots de fleurs en b\u00e9ton"},"content":{"rendered":"<div class=\"wpb-content-wrapper\"><p>[vc_row][vc_column][vc_empty_space][\/vc_column][\/vc_row][vc_row][vc_column][vc_column_text]<\/p>\n<h1 style=\"text-align: left;\">\u00c9l\u00e9gants, robustes et r\u00e9sistants aux intemp\u00e9ries : les pots de fleurs en b\u00e9ton<\/h1>\n<p>[\/vc_column_text][vc_column_text]<\/p>\n<p class=\"p1\">Chez stayconcrete, les pots de fleurs en b\u00e9ton sont g\u00e9n\u00e9ralement cr\u00e9\u00e9s dans le cadre d&rsquo;une ligne de produits autour d&rsquo;un groupe de si\u00e8ges ou d&rsquo;un produit sur mesure. Toutefois, nos pots de fleurs peuvent \u00e9galement \u00eatre achet\u00e9s en tant que meubles s\u00e9par\u00e9s, dans n&rsquo;importe quelle couleur et \u00e9galement en grandes quantit\u00e9s. D\u00e9couvrez ici tous les pots de fleurs de stayconcrete en un coup d&rsquo;\u0153il.<\/p>\n<p class=\"p1\"><em>Mat\u00e9riau<\/em> : b\u00e9ton haute performance<br \/>\n<em>Couleurs<\/em> : sur demande<br \/>\n<em>Mod\u00e8les<\/em> : divers (provenant de diff\u00e9rentes lignes de produits)<br \/>\n<em>Poids \/ dimensions<\/em> : sur demande<\/p>\n<p class=\"p1\"><a href=\"https:\/\/www.stayconcrete.com\/fr\/contact\/\">Si vous avez des questions sur les diff\u00e9rents mod\u00e8les, n&rsquo;h\u00e9sitez pas \u00e0 nous contacter !<\/a><\/p>\n<p>[\/vc_column_text][\/vc_column][\/vc_row][vc_row][vc_column][lab_portfolio_items category_filter=\u00a0\u00bbno\u00a0\u00bb columns=\u00a0\u00bb2&Prime; reveal_effect=\u00a0\u00bbfade-one\u00a0\u00bb pagination_type=\u00a0\u00bbhide\u00a0\u00bb portfolio_query=\u00a0\u00bbsize:12|order_by:date|post_type:portfolio|by_id:3948,4290,4177,4364&Prime; el_class=\u00a0\u00bbhomepage-classes\u00a0\u00bb][\/vc_column][\/vc_row]<\/p>\n<\/div>","protected":false},"excerpt":{"rendered":"<p>[vc_row][vc_column][vc_empty_space][\/vc_column][\/vc_row][vc_row][vc_column][vc_column_text] \u00c9l\u00e9gants, robustes et r\u00e9sistants aux intemp\u00e9ries : les pots de fleurs en b\u00e9ton [\/vc_column_text][vc_column_text] Chez stayconcrete, les pots de fleurs en b\u00e9ton sont g\u00e9n\u00e9ralement cr\u00e9\u00e9s dans le cadre d&rsquo;une ligne de produits autour d&rsquo;un groupe de si\u00e8ges ou d&rsquo;un produit sur mesure. Toutefois, nos pots de fleurs peuvent \u00e9galement \u00eatre achet\u00e9s en tant que&hellip;<\/p>\n","protected":false},"author":5,"featured_media":0,"parent":0,"menu_order":0,"comment_status":"closed","ping_status":"closed","template":"","meta":{"_acf_changed":false,"footnotes":""},"class_list":["post-4343","page","type-page","status-publish","hentry"],"acf":[],"_links":{"self":[{"href":"https:\/\/www.stayconcrete.com\/fr\/wp-json\/wp\/v2\/pages\/4343","targetHints":{"allow":["GET"]}}],"collection":[{"href":"https:\/\/www.stayconcrete.com\/fr\/wp-json\/wp\/v2\/pages"}],"about":[{"href":"https:\/\/www.stayconcrete.com\/fr\/wp-json\/wp\/v2\/types\/page"}],"author":[{"embeddable":true,"href":"https:\/\/www.stayconcrete.com\/fr\/wp-json\/wp\/v2\/users\/5"}],"replies":[{"embeddable":true,"href":"https:\/\/www.stayconcrete.com\/fr\/wp-json\/wp\/v2\/comments?post=4343"}],"version-history":[{"count":0,"href":"https:\/\/www.stayconcrete.com\/fr\/wp-json\/wp\/v2\/pages\/4343\/revisions"}],"wp:attachment":[{"href":"https:\/\/www.stayconcrete.com\/fr\/wp-json\/wp\/v2\/media?parent=4343"}],"curies":[{"name":"wp","href":"https:\/\/api.w.org\/{rel}","templated":true}]}}