{"id":4092,"date":"2021-02-03T15:17:05","date_gmt":"2021-02-03T15:17:05","guid":{"rendered":"https:\/\/www.stayconcrete.com\/collection-2021\/"},"modified":"2023-09-15T09:03:09","modified_gmt":"2023-09-15T09:03:09","slug":"collection-2023","status":"publish","type":"page","link":"https:\/\/www.stayconcrete.com\/fr\/collection-2023\/","title":{"rendered":"Collection 2023"},"content":{"rendered":"<div class=\"wpb-content-wrapper\"><p>[vc_row][vc_column][vc_empty_space][\/vc_column][\/vc_row][vc_row][vc_column][vc_column_text]<\/p>\n<h1 style=\"text-align: left;\">Collection 2023 \/CON\u00c7U PAR SACHA LAKIC<\/h1>\n<p>[\/vc_column_text][\/vc_column][\/vc_row][vc_row][vc_column][vc_column_text]<\/p>\n<h2>Conception de meubles en b\u00e9ton. Coul\u00e9 pour l&rsquo;\u00e9ternit\u00e9.<\/h2>\n<p>Les cr\u00e9ations de Sacha Lakic sont inspir\u00e9es par la dynamique, l&rsquo;\u00e9l\u00e9gance et sa passion pour les d\u00e9fis. Ses visions sont parfaitement mises en forme par nous \u2013 avec la fine fleur de l&rsquo;artisanat, une d\u00e9votion obsessionnelle pour le b\u00e9ton en tant que mat\u00e9riau et une exp\u00e9rience inestimable. Le mobilier en b\u00e9ton de stayconcrete est tout aussi id\u00e9al pour les espaces de vie priv\u00e9s que pour le mobilier urbain dans les espaces publics en grande quantit\u00e9 ou comme solution chauffante \u00e9conomiquement convaincante sur la terrasse fra\u00eeche du restaurant.<\/p>\n<p>D\u00e9couvrez notre collection actuelle. <a href=\"https:\/\/www.stayconcrete.com\/fr\/contact\/\">Ou parlez-nous d&rsquo;un dessin sp\u00e9cial.<\/a>[\/vc_column_text][lab_masonry_portfolio category_filter=\u00a0\u00bbno\u00a0\u00bb][lab_masonry_portfolio_item box_size=\u00a0\u00bb6&#215;4&Prime; portfolio_id=\u00a0\u00bb2653&Prime;][lab_masonry_portfolio_item box_size=\u00a0\u00bb6&#215;4&Prime; portfolio_id=\u00a0\u00bb3989&Prime;][\/lab_masonry_portfolio][\/vc_column][\/vc_row][vc_row][vc_column][lab_masonry_portfolio category_filter=\u00a0\u00bbno\u00a0\u00bb][lab_masonry_portfolio_item box_size=\u00a0\u00bb6&#215;4&Prime; portfolio_id=\u00a0\u00bb2521&Prime;][lab_masonry_portfolio_item box_size=\u00a0\u00bb6&#215;4&Prime; portfolio_id=\u00a0\u00bb5800&Prime;][\/lab_masonry_portfolio][lab_masonry_portfolio category_filter=\u00a0\u00bbno\u00a0\u00bb][lab_masonry_portfolio_item box_size=\u00a0\u00bb6&#215;4&Prime; portfolio_id=\u00a0\u00bb2645&Prime;][lab_masonry_portfolio_item box_size=\u00a0\u00bb6&#215;4&Prime; portfolio_id=\u00a0\u00bb5301&Prime;][\/lab_masonry_portfolio][lab_masonry_portfolio category_filter=\u00a0\u00bbno\u00a0\u00bb][lab_masonry_portfolio_item box_size=\u00a0\u00bb6&#215;4&Prime; portfolio_id=\u00a0\u00bb2641&Prime;][lab_masonry_portfolio_item box_size=\u00a0\u00bb6&#215;4&Prime; portfolio_id=\u00a0\u00bb2659&Prime;][\/lab_masonry_portfolio][lab_masonry_portfolio category_filter=\u00a0\u00bbno\u00a0\u00bb][lab_masonry_portfolio_item box_size=\u00a0\u00bb6&#215;4&Prime; portfolio_id=\u00a0\u00bb2634&Prime;][lab_masonry_portfolio_item box_size=\u00a0\u00bb6&#215;4&Prime; portfolio_id=\u00a0\u00bb2627&Prime;][\/lab_masonry_portfolio][lab_masonry_portfolio category_filter=\u00a0\u00bbno\u00a0\u00bb][lab_masonry_portfolio_item box_size=\u00a0\u00bb6&#215;4&Prime; portfolio_id=\u00a0\u00bb5788&Prime;][\/lab_masonry_portfolio][\/vc_column][vc_column][vc_column_text]<\/p>\n<p class=\"p2\"><span class=\"s1\">Faites-nous part de vos souhaits et de vos id\u00e9es. Nous serons heureux de vous conseiller sur votre solution de conception concr\u00e8te et individuelle. <a href=\"https:\/\/www.stayconcrete.com\/fr\/contact\/\">Envoyez-nous un e-mail.<\/a><\/span><\/p>\n<p>[\/vc_column_text][\/vc_column][\/vc_row]<\/p>\n<\/div>","protected":false},"excerpt":{"rendered":"<p>[vc_row][vc_column][vc_empty_space][\/vc_column][\/vc_row][vc_row][vc_column][vc_column_text] Collection 2023 \/CON\u00c7U PAR SACHA LAKIC [\/vc_column_text][\/vc_column][\/vc_row][vc_row][vc_column][vc_column_text] Conception de meubles en b\u00e9ton. Coul\u00e9 pour l&rsquo;\u00e9ternit\u00e9. Les cr\u00e9ations de Sacha Lakic sont inspir\u00e9es par la dynamique, l&rsquo;\u00e9l\u00e9gance et sa passion pour les d\u00e9fis. Ses visions sont parfaitement mises en forme par nous \u2013 avec la fine fleur de l&rsquo;artisanat, une d\u00e9votion obsessionnelle pour le b\u00e9ton&hellip;<\/p>\n","protected":false},"author":5,"featured_media":0,"parent":0,"menu_order":0,"comment_status":"closed","ping_status":"closed","template":"","meta":{"_acf_changed":false,"footnotes":""},"class_list":["post-4092","page","type-page","status-publish","hentry"],"acf":[],"_links":{"self":[{"href":"https:\/\/www.stayconcrete.com\/fr\/wp-json\/wp\/v2\/pages\/4092","targetHints":{"allow":["GET"]}}],"collection":[{"href":"https:\/\/www.stayconcrete.com\/fr\/wp-json\/wp\/v2\/pages"}],"about":[{"href":"https:\/\/www.stayconcrete.com\/fr\/wp-json\/wp\/v2\/types\/page"}],"author":[{"embeddable":true,"href":"https:\/\/www.stayconcrete.com\/fr\/wp-json\/wp\/v2\/users\/5"}],"replies":[{"embeddable":true,"href":"https:\/\/www.stayconcrete.com\/fr\/wp-json\/wp\/v2\/comments?post=4092"}],"version-history":[{"count":0,"href":"https:\/\/www.stayconcrete.com\/fr\/wp-json\/wp\/v2\/pages\/4092\/revisions"}],"wp:attachment":[{"href":"https:\/\/www.stayconcrete.com\/fr\/wp-json\/wp\/v2\/media?parent=4092"}],"curies":[{"name":"wp","href":"https:\/\/api.w.org\/{rel}","templated":true}]}}