{"id":2352,"date":"2016-06-09T11:53:55","date_gmt":"2016-06-09T11:53:55","guid":{"rendered":"https:\/\/stayconcrete.b.wpstage.net\/home\/"},"modified":"2025-04-03T18:28:19","modified_gmt":"2025-04-03T18:28:19","slug":"home","status":"publish","type":"page","link":"https:\/\/www.stayconcrete.com\/fr\/","title":{"rendered":"Home"},"content":{"rendered":"<div class=\"wpb-content-wrapper\"><p>[vc_row equal_height=\u00a0\u00bbyes\u00a0\u00bb][vc_column][vc_column_text]\n\t\t\t<!-- START Homepage Francais REVOLUTION SLIDER 6.7.38 --><p class=\"rs-p-wp-fix\"><\/p>\n\t\t\t<rs-module-wrap id=\"rev_slider_8_1_wrapper\" data-source=\"gallery\" style=\"visibility:hidden;background:transparent;padding:0;margin:0px auto;margin-top:0;margin-bottom:0;\">\n\t\t\t\t<rs-module id=\"rev_slider_8_1\" style=\"\" data-version=\"6.7.38\">\n\t\t\t\t\t<rs-slides style=\"overflow: hidden; position: absolute;\">\n\t\t\t\t\t\t<rs-slide style=\"position: absolute;\" data-key=\"rs-30\" data-title=\"Bancs Chauffants\" data-thumb=\"\/\/www.stayconcrete.com\/wp-content\/uploads\/17_SIL_01_609_lowres-100x50.jpg\" data-link=\"\/\/www.stayconcrete.com\/fr\/products\/heated-benches-pour-la-gastronomie\/\" data-tag=\"l\" data-target=\"_self\" data-seoz=\"front\" data-anim=\"ms:600;r:0;\" data-in=\"o:0;\" data-out=\"a:false;\" data-hsom=\"on\">\n\t\t\t\t\t\t\t<img decoding=\"async\" src=\"\/\/www.stayconcrete.com\/wp-content\/plugins\/revslider\/sr6\/assets\/assets\/dummy.png\" alt=\"Heated Bench concrete\" title=\"heated Bench Table\" width=\"2000\" height=\"1333\" class=\"rev-slidebg tp-rs-img rs-lazyload\" data-lazyload=\"\/\/www.stayconcrete.com\/wp-content\/uploads\/17_SIL_01_609_lowres.jpg\" data-no-retina>\n<!--\n\t\t\t\t\t\t\t--><rs-layer\n\t\t\t\t\t\t\t\tid=\"slider-8-slide-30-layer-1\" \n\t\t\t\t\t\t\t\tclass=\"NotGeneric-Title\"\n\t\t\t\t\t\t\t\tdata-type=\"text\"\n\t\t\t\t\t\t\t\tdata-color=\"rgba(236, 101, 3, 1)||#ec6503||#ec6503||#ec6503\"\n\t\t\t\t\t\t\t\tdata-rsp_ch=\"on\"\n\t\t\t\t\t\t\t\tdata-xy=\"xo:266px,251px,149px,149px;yo:410px,384px,471px,471px;\"\n\t\t\t\t\t\t\t\tdata-text=\"w:normal;s:70,75,70,70;l:70,75,75,75;fw:800,700,700,700;\"\n\t\t\t\t\t\t\t\tdata-dim=\"w:876px,524px,698px,698px;h:auto,201px,169px,169px;\"\n\t\t\t\t\t\t\t\tdata-padding=\"t:10;b:10;\"\n\t\t\t\t\t\t\t\tdata-frame_0=\"o:1;\"\n\t\t\t\t\t\t\t\tdata-frame_0_chars=\"d:10;sX:0.8;sY:0.8;o:0;\"\n\t\t\t\t\t\t\t\tdata-frame_1=\"e:easeOutQuad;st:500;sp:1000;sR:500;\"\n\t\t\t\t\t\t\t\tdata-frame_1_chars=\"d:10;\"\n\t\t\t\t\t\t\t\tdata-frame_999=\"y:50px;o:0;st:w;sR:5200;\"\n\t\t\t\t\t\t\t\tstyle=\"z-index:5;font-family:'Raleway';text-transform:uppercase;\"\n\t\t\t\t\t\t\t>365 jours de chaleur \n\t\t\t\t\t\t\t<\/rs-layer><!--\n\n\t\t\t\t\t\t\t--><rs-layer\n\t\t\t\t\t\t\t\tid=\"slider-8-slide-30-layer-2\" \n\t\t\t\t\t\t\t\tdata-type=\"text\"\n\t\t\t\t\t\t\t\tdata-color=\"#000000\"\n\t\t\t\t\t\t\t\tdata-rsp_ch=\"on\"\n\t\t\t\t\t\t\t\tdata-xy=\"xo:271px,265px,45px,45px;yo:515px,566px,664px,664px;\"\n\t\t\t\t\t\t\t\tdata-text=\"w:normal;s:22;l:26;\"\n\t\t\t\t\t\t\t\tdata-dim=\"w:656px,562px,562px,562px;h:auto,52px,52px,52px;\"\n\t\t\t\t\t\t\t\tdata-frame_0=\"o:1;\"\n\t\t\t\t\t\t\t\tdata-frame_0_lines=\"d:10;y:50px;o:0;\"\n\t\t\t\t\t\t\t\tdata-frame_1=\"e:power2.inOut;st:840;sp:490;sR:840;\"\n\t\t\t\t\t\t\t\tdata-frame_1_lines=\"d:10;\"\n\t\t\t\t\t\t\t\tdata-frame_999=\"y:50px;o:0;e:nothing;st:w;sp:220;sR:7670;\"\n\t\t\t\t\t\t\t\tstyle=\"z-index:6;font-family:'Roboto';\"\n\t\t\t\t\t\t\t>Le r\u00e9chauffeur, c'\u00e9tait hier : Si\u00e8ges chauffants pour la restauration. Plus de clients, plus de chiffre d'affaires, plus d'image. \n\t\t\t\t\t\t\t<\/rs-layer><!--\n\n\t\t\t\t\t\t\t--><rs-layer\n\t\t\t\t\t\t\t\tid=\"slider-8-slide-30-layer-4\" \n\t\t\t\t\t\t\t\tclass=\"Newspaper-Button-2 rev-btn\"\n\t\t\t\t\t\t\t\tdata-type=\"button\"\n\t\t\t\t\t\t\t\tdata-color=\"#000000\"\n\t\t\t\t\t\t\t\tdata-xy=\"xo:271px,486px,539px,539px;yo:586px,649px,591px,591px;\"\n\t\t\t\t\t\t\t\tdata-text=\"s:15,17,17,17;l:15,17,17,17;fw:900,500,500,500;\"\n\t\t\t\t\t\t\t\tdata-rsp_bd=\"off\"\n\t\t\t\t\t\t\t\tdata-padding=\"t:10;r:30;b:10;l:30;\"\n\t\t\t\t\t\t\t\tdata-border=\"bos:solid;boc:#000000;bow:2,2,2,2;bor:3px,3px,3px,3px;\"\n\t\t\t\t\t\t\t\tdata-frame_0=\"x:-200px;skX:85px;\"\n\t\t\t\t\t\t\t\tdata-frame_1=\"e:power2.out;st:1350;sp:800;sR:1350;\"\n\t\t\t\t\t\t\t\tdata-frame_999=\"y:50px;o:0;e:nothing;st:w;sp:140;sR:6850;\"\n\t\t\t\t\t\t\t\tdata-frame_hover=\"c:#fff;boc:#fff;bor:3px,3px,3px,3px;bos:solid;bow:2,2,2,2;oX:50;oY:50;\"\n\t\t\t\t\t\t\t\tstyle=\"z-index:7;font-family:'Roboto';text-transform:uppercase;cursor:pointer;outline:none;box-shadow:none;box-sizing:border-box;-moz-box-sizing:border-box;-webkit-box-sizing:border-box;\"\n\t\t\t\t\t\t\t>LIRE LA SUITE \n\t\t\t\t\t\t\t<\/rs-layer><!--\n-->\t\t\t\t\t<\/rs-slide>\n\t\t\t\t\t\t<rs-slide style=\"position: absolute;\" data-key=\"rs-31\" data-title=\"Chaises longues en b\u00e9ton\" data-thumb=\"\/\/www.stayconcrete.com\/wp-content\/uploads\/2020\/05\/Lounger-Alpen-100x50.jpg\" data-link=\"\/\/www.stayconcrete.com\/fr\/products\/lounger-ete\/\" data-tag=\"l\" data-target=\"_self\" data-seoz=\"front\" data-anim=\"ms:600;\" data-in=\"o:0;\" data-out=\"a:false;\" data-hsom=\"on\">\n\t\t\t\t\t\t\t<img decoding=\"async\" src=\"\/\/www.stayconcrete.com\/wp-content\/plugins\/revslider\/sr6\/assets\/assets\/dummy.png\" alt=\"Heated Lounger mit Alpenpanorama\" title=\"Lounger-Alpen\" width=\"1200\" height=\"800\" class=\"rev-slidebg tp-rs-img rs-lazyload\" data-lazyload=\"\/\/www.stayconcrete.com\/wp-content\/uploads\/2020\/05\/Lounger-Alpen.jpg\" data-no-retina>\n<!--\n\t\t\t\t\t\t\t--><rs-layer\n\t\t\t\t\t\t\t\tid=\"slider-8-slide-31-layer-1\" \n\t\t\t\t\t\t\t\tclass=\"NotGeneric-Title\"\n\t\t\t\t\t\t\t\tdata-type=\"text\"\n\t\t\t\t\t\t\t\tdata-color=\"rgba(236,101,3,1)||#ec6503||#ec6503||#ec6503\"\n\t\t\t\t\t\t\t\tdata-rsp_ch=\"on\"\n\t\t\t\t\t\t\t\tdata-xy=\"xo:247px,65px,29px,29px;yo:33px,57px,49px,49px;\"\n\t\t\t\t\t\t\t\tdata-text=\"w:normal;s:70,75,70,70;l:70,22,70,70;fw:800,700,700,700;\"\n\t\t\t\t\t\t\t\tdata-dim=\"w:754px,859px,682px,682px;h:83px,57px,auto,57px;\"\n\t\t\t\t\t\t\t\tdata-padding=\"t:10;b:10;\"\n\t\t\t\t\t\t\t\tdata-frame_0=\"o:1;\"\n\t\t\t\t\t\t\t\tdata-frame_0_chars=\"d:10;sX:0.8;sY:0.8;o:0;\"\n\t\t\t\t\t\t\t\tdata-frame_1=\"e:easeOutQuad;st:500;sp:1000;sR:500;\"\n\t\t\t\t\t\t\t\tdata-frame_1_chars=\"d:10;\"\n\t\t\t\t\t\t\t\tdata-frame_999=\"y:50px;o:0;st:w;sR:6300;\"\n\t\t\t\t\t\t\t\tstyle=\"z-index:5;font-family:'Raleway';text-transform:uppercase;\"\n\t\t\t\t\t\t\t>chaises \nlongues \n\t\t\t\t\t\t\t<\/rs-layer><!--\n\n\t\t\t\t\t\t\t--><rs-layer\n\t\t\t\t\t\t\t\tid=\"slider-8-slide-31-layer-2\" \n\t\t\t\t\t\t\t\tdata-type=\"text\"\n\t\t\t\t\t\t\t\tdata-color=\"#000000\"\n\t\t\t\t\t\t\t\tdata-rsp_ch=\"on\"\n\t\t\t\t\t\t\t\tdata-xy=\"xo:255px,74px,37px,37px;yo:121px,127px,163px,163px;\"\n\t\t\t\t\t\t\t\tdata-text=\"w:normal;s:22;l:26;\"\n\t\t\t\t\t\t\t\tdata-dim=\"w:604px,562px,562px,562px;h:auto,52px,52px,52px;\"\n\t\t\t\t\t\t\t\tdata-frame_0=\"o:1;\"\n\t\t\t\t\t\t\t\tdata-frame_0_lines=\"d:10;y:50px;o:0;\"\n\t\t\t\t\t\t\t\tdata-frame_1=\"e:power2.inOut;st:840;sp:490;sR:840;\"\n\t\t\t\t\t\t\t\tdata-frame_1_lines=\"d:10;\"\n\t\t\t\t\t\t\t\tdata-frame_999=\"y:50px;o:0;e:nothing;st:w;sp:220;sR:7670;\"\n\t\t\t\t\t\t\t\tstyle=\"z-index:6;font-family:'Roboto';\"\n\t\t\t\t\t\t\t>D'\u00e9l\u00e9gantes chaises longues en b\u00e9ton. Egalement comme mod\u00e8le chauff\u00e9 pour la saison hivernale. \n\t\t\t\t\t\t\t<\/rs-layer><!--\n\n\t\t\t\t\t\t\t--><rs-layer\n\t\t\t\t\t\t\t\tid=\"slider-8-slide-31-layer-4\" \n\t\t\t\t\t\t\t\tclass=\"Newspaper-Button-2 rev-btn\"\n\t\t\t\t\t\t\t\tdata-type=\"button\"\n\t\t\t\t\t\t\t\tdata-color=\"#000000||#ffffff||#ffffff||#ffffff\"\n\t\t\t\t\t\t\t\tdata-xy=\"xo:256px,617px,535px,535px;yo:188px,156px,246px,246px;\"\n\t\t\t\t\t\t\t\tdata-text=\"s:15,17,17,17;l:15,17,17,17;fw:900,500,500,500;\"\n\t\t\t\t\t\t\t\tdata-rsp_bd=\"off\"\n\t\t\t\t\t\t\t\tdata-padding=\"t:10;r:30;b:10;l:30;\"\n\t\t\t\t\t\t\t\tdata-border=\"bos:solid;boc:#000000;bow:2,2,2,2;bor:3px,3px,3px,3px;\"\n\t\t\t\t\t\t\t\tdata-frame_0=\"x:-200px;skX:85px;\"\n\t\t\t\t\t\t\t\tdata-frame_1=\"e:power2.out;st:1350;sp:800;sR:1350;\"\n\t\t\t\t\t\t\t\tdata-frame_999=\"y:50px;o:0;e:nothing;st:w;sp:140;sR:6850;\"\n\t\t\t\t\t\t\t\tdata-frame_hover=\"c:#fff;boc:#fff;bor:3px,3px,3px,3px;bos:solid;bow:2,2,2,2;oX:50;oY:50;\"\n\t\t\t\t\t\t\t\tstyle=\"z-index:7;font-family:'Roboto';text-transform:uppercase;cursor:pointer;outline:none;box-shadow:none;box-sizing:border-box;-moz-box-sizing:border-box;-webkit-box-sizing:border-box;\"\n\t\t\t\t\t\t\t>LIRE LA SUITE \n\t\t\t\t\t\t\t<\/rs-layer><!--\n-->\t\t\t\t\t<\/rs-slide>\n\t\t\t\t\t\t<rs-slide style=\"position: absolute;\" data-key=\"rs-29\" data-title=\"Ichi concrete bench\" data-thumb=\"\/\/www.stayconcrete.com\/wp-content\/uploads\/2019\/05\/Ishi_2-1-100x50.jpeg\" data-link=\"\/\/www.stayconcrete.com\/en\/products\/concrete-bench-ichi\/\" data-tag=\"l\" data-target=\"_self\" data-seoz=\"front\" data-anim=\"ms:600;r:0;\" data-in=\"o:0;\" data-out=\"a:false;\" data-hsom=\"on\">\n\t\t\t\t\t\t\t<img decoding=\"async\" src=\"\/\/www.stayconcrete.com\/wp-content\/plugins\/revslider\/sr6\/assets\/assets\/dummy.png\" alt=\"Betonbank Outdoor Stadtm\u00f6bel\" title=\"Ichi Betonbank\" width=\"1240\" height=\"930\" class=\"rev-slidebg tp-rs-img rs-lazyload\" data-lazyload=\"\/\/www.stayconcrete.com\/wp-content\/uploads\/2019\/05\/Ishi_2-1.jpeg\" data-no-retina>\n<!--\n\t\t\t\t\t\t\t--><rs-layer\n\t\t\t\t\t\t\t\tid=\"slider-8-slide-29-layer-1\" \n\t\t\t\t\t\t\t\tclass=\"NotGeneric-Title\"\n\t\t\t\t\t\t\t\tdata-type=\"text\"\n\t\t\t\t\t\t\t\tdata-color=\"rgba(236, 101, 3, 1)||#ec6503||#ec6503||#ec6503\"\n\t\t\t\t\t\t\t\tdata-rsp_ch=\"on\"\n\t\t\t\t\t\t\t\tdata-xy=\"xo:236px,34px,32px,32px;yo:141px,192px,320px,320px;\"\n\t\t\t\t\t\t\t\tdata-text=\"w:normal;s:70,75,70,70;l:70,22,22,22;fw:800,700,700,700;\"\n\t\t\t\t\t\t\t\tdata-dim=\"w:162px,563px,563px,563px;h:90px,43px,43px,43px;\"\n\t\t\t\t\t\t\t\tdata-padding=\"t:10;b:10;\"\n\t\t\t\t\t\t\t\tdata-frame_0=\"o:1;\"\n\t\t\t\t\t\t\t\tdata-frame_0_chars=\"d:10;sX:0.8;sY:0.8;o:0;\"\n\t\t\t\t\t\t\t\tdata-frame_1=\"e:easeOutQuad;st:500;sp:1000;sR:500;\"\n\t\t\t\t\t\t\t\tdata-frame_1_chars=\"d:10;\"\n\t\t\t\t\t\t\t\tdata-frame_999=\"y:50px;o:0;st:w;sR:6600;\"\n\t\t\t\t\t\t\t\tstyle=\"z-index:5;font-family:'Raleway';text-transform:uppercase;\"\n\t\t\t\t\t\t\t>Ichi \n\t\t\t\t\t\t\t<\/rs-layer><!--\n\n\t\t\t\t\t\t\t--><rs-layer\n\t\t\t\t\t\t\t\tid=\"slider-8-slide-29-layer-2\" \n\t\t\t\t\t\t\t\tdata-type=\"text\"\n\t\t\t\t\t\t\t\tdata-color=\"#000000\"\n\t\t\t\t\t\t\t\tdata-rsp_ch=\"on\"\n\t\t\t\t\t\t\t\tdata-xy=\"xo:237px,34px,37px,37px;yo:225px,266px,387px,387px;\"\n\t\t\t\t\t\t\t\tdata-text=\"w:normal;s:22;l:26;\"\n\t\t\t\t\t\t\t\tdata-dim=\"w:331px,488px,377px,377px;h:88px,63px,137px,137px;\"\n\t\t\t\t\t\t\t\tdata-frame_0=\"o:1;\"\n\t\t\t\t\t\t\t\tdata-frame_0_lines=\"d:10;y:50px;o:0;\"\n\t\t\t\t\t\t\t\tdata-frame_1=\"e:power2.inOut;st:840;sp:490;sR:840;\"\n\t\t\t\t\t\t\t\tdata-frame_1_lines=\"d:10;\"\n\t\t\t\t\t\t\t\tdata-frame_999=\"y:50px;o:0;e:nothing;st:w;sp:220;sR:7670;\"\n\t\t\t\t\t\t\t\tstyle=\"z-index:6;font-family:'Roboto';\"\n\t\t\t\t\t\t\t>Banc en b\u00e9ton pour l'espace urbain. Comme s'il avait \u00e9t\u00e9 cr\u00e9\u00e9 par la nature. Poli, solitaire, invitant. \n\t\t\t\t\t\t\t<\/rs-layer><!--\n\n\t\t\t\t\t\t\t--><rs-layer\n\t\t\t\t\t\t\t\tid=\"slider-8-slide-29-layer-4\" \n\t\t\t\t\t\t\t\tclass=\"Newspaper-Button-2 rev-btn\"\n\t\t\t\t\t\t\t\tdata-type=\"button\"\n\t\t\t\t\t\t\t\tdata-color=\"#000000||#000000||rgba(255, 255, 255, 1)||rgba(255, 255, 255, 1)\"\n\t\t\t\t\t\t\t\tdata-xy=\"xo:389px,165px,77px,77px;yo:310px,341px,499px,499px;\"\n\t\t\t\t\t\t\t\tdata-text=\"s:15,17,17,17;l:15,17,17,17;fw:900,500,500,500;\"\n\t\t\t\t\t\t\t\tdata-rsp_bd=\"off\"\n\t\t\t\t\t\t\t\tdata-padding=\"t:10;r:30;b:10;l:30;\"\n\t\t\t\t\t\t\t\tdata-border=\"bos:solid;boc:#000000;bow:2,2,2,2;bor:3px,3px,3px,3px;\"\n\t\t\t\t\t\t\t\tdata-frame_0=\"x:-200px;skX:85px;\"\n\t\t\t\t\t\t\t\tdata-frame_1=\"e:power2.out;st:1350;sp:800;sR:1350;\"\n\t\t\t\t\t\t\t\tdata-frame_999=\"y:50px;o:0;e:nothing;st:w;sp:140;sR:6850;\"\n\t\t\t\t\t\t\t\tdata-frame_hover=\"c:#fff;boc:#fff;bor:3px,3px,3px,3px;bos:solid;bow:2,2,2,2;oX:50;oY:50;\"\n\t\t\t\t\t\t\t\tstyle=\"z-index:7;font-family:'Roboto';text-transform:uppercase;cursor:pointer;outline:none;box-shadow:none;box-sizing:border-box;-moz-box-sizing:border-box;-webkit-box-sizing:border-box;\"\n\t\t\t\t\t\t\t>lire la suite \n\t\t\t\t\t\t\t<\/rs-layer><!--\n-->\t\t\t\t\t<\/rs-slide>\n\t\t\t\t\t<\/rs-slides>\n\t\t\t\t<\/rs-module>\n\t\t\t\t<script>\n\t\t\t\t\tsetREVStartSize({c: 'rev_slider_8_1',rl:[1240,1024,778,778],el:[700,768,960,960],gw:[1140,1024,778,778],gh:[700,768,960,960],type:'standard',justify:'',layout:'fullwidth',mh:\"0\"});if (window.RS_MODULES!==undefined && window.RS_MODULES.modules!==undefined && window.RS_MODULES.modules[\"revslider81\"]!==undefined) {window.RS_MODULES.modules[\"revslider81\"].once = false;window.revapi8 = undefined;if (window.RS_MODULES.checkMinimal!==undefined) window.RS_MODULES.checkMinimal()}\n\t\t\t\t<\/script>\n\t\t\t<\/rs-module-wrap>\n\t\t\t<!-- END REVOLUTION SLIDER -->\n[\/vc_column_text][vc_custom_heading text=\u00a0\u00bbMEUBLES EN B\u00c9TON. POUR L&rsquo;INT\u00c9RIEUR ET L&rsquo;EXT\u00c9RIEUR.\u00a0\u00bb font_container=\u00a0\u00bbtag:h1|text_align:left\u00a0\u00bb use_theme_fonts=\u00a0\u00bbyes\u00a0\u00bb][vc_custom_heading text=\u00a0\u00bbBy stayconcrete : Conception en b\u00e9ton du Luxembourg\u00a0\u00bb use_theme_fonts=\u00a0\u00bbyes\u00a0\u00bb][\/vc_column][\/vc_row][vc_row equal_height=\u00a0\u00bbyes\u00a0\u00bb css=\u00a0\u00bb.vc_custom_1575899896089{margin-bottom: 0px !important;}\u00a0\u00bb][vc_column][lab_portfolio_items category_filter=\u00a0\u00bbno\u00a0\u00bb columns=\u00a0\u00bb3&Prime; reveal_effect=\u00a0\u00bbzoom-one\u00a0\u00bb dynamic_image_height=\u00a0\u00bbyes\u00a0\u00bb pagination_type=\u00a0\u00bbhide\u00a0\u00bb portfolio_query=\u00a0\u00bbsize:9|order_by:date|order:DESC|post_type:portfolio\u00a0\u00bb el_class=\u00a0\u00bbhomepage-classes\u00a0\u00bb css=\u00a0\u00bb.vc_custom_1743704884533{margin-bottom: 0px !important;padding-top: 40px !important;}\u00a0\u00bb][vc_empty_space height=\u00a0\u00bb64px\u00a0\u00bb][vc_custom_heading text=\u00a0\u00bbSTAYCONCRETE. L&rsquo;AMOUR AU PREMIER CONTACT.\u00a0\u00bb font_container=\u00a0\u00bbtag:h1|text_align:left\u00a0\u00bb use_theme_fonts=\u00a0\u00bbyes\u00a0\u00bb][vc_column_text]<strong>stayconcrete.<\/strong> Ce sont les sp\u00e9cialistes exp\u00e9riment\u00e9s pour le b\u00e9ton mat\u00e9riel, le bon design et les concepts individuels \u00e9galement dans l&rsquo;am\u00e9nagement int\u00e9rieur. Qu&rsquo;il s&rsquo;agisse d&rsquo;un objet unique, d&rsquo;un meuble de s\u00e9rie, d&rsquo;un lavabo, d&rsquo;un meuble en b\u00e9ton chauff\u00e9, d&rsquo;un am\u00e9nagement de cuisine ou de magasin &#8211; le b\u00e9ton arm\u00e9 est synonyme de design, d&rsquo;ergonomie, de fonctionnalit\u00e9 et de savoir-faire. M\u00eame si nous fabriquons en s\u00e9rie, chaque meuble en b\u00e9ton passe plusieurs fois entre nos mains. Lors du polissage de la fine surface, la touche finale et l&rsquo;heureux d\u00e9nouement : l&rsquo;assemblage dans vos pi\u00e8ces. Nous transformons notre b\u00e9ton sp\u00e9cial \u00e0 haute performance, soit pur, soit en combinaison attrayante avec des mat\u00e9riaux de haute qualit\u00e9 tels que le bois, pour cr\u00e9er des meubles de la plus haute qualit\u00e9 et durabilit\u00e9. Ecologique, biologique, \u00e9quitable. Pour toujours.<\/p>\n<p><strong>De quoi r\u00eavez-vous ? Nous l&rsquo;avons coul\u00e9 en forme.<\/strong>[\/vc_column_text][vc_empty_space height=\u00a0\u00bb64px\u00a0\u00bb][vc_custom_heading text=\u00a0\u00bbMeubles en b\u00e9ton de stayconcrete.<br \/>\nPour en savoir plus, consultez le blog :\u00a0\u00bb use_theme_fonts=\u00a0\u00bbyes\u00a0\u00bb][\/vc_column][\/vc_row][vc_row equal_height=\u00a0\u00bbyes\u00a0\u00bb][vc_column][lab_blog_posts columns=\u00a0\u00bb2&Prime; layout=\u00a0\u00bbleft\u00a0\u00bb masonry=\u00a0\u00bbfitRows\u00a0\u00bb hover_layer_icon=\u00a0\u00bbcustom\u00a0\u00bb image_size=\u00a0\u00bb300&#215;300&Prime; blog_query=\u00a0\u00bbsize:4|order_by:date|post_type:post\u00a0\u00bb][\/vc_column][\/vc_row]<\/p>\n<\/div>","protected":false},"excerpt":{"rendered":"<p>[vc_row equal_height=\u00a0\u00bbyes\u00a0\u00bb][vc_column][vc_column_text][\/vc_column_text][vc_custom_heading text=\u00a0\u00bbMEUBLES EN B\u00c9TON. POUR L&rsquo;INT\u00c9RIEUR ET L&rsquo;EXT\u00c9RIEUR.\u00a0\u00bb font_container=\u00a0\u00bbtag:h1|text_align:left\u00a0\u00bb use_theme_fonts=\u00a0\u00bbyes\u00a0\u00bb][vc_custom_heading text=\u00a0\u00bbBy stayconcrete : Conception en b\u00e9ton du Luxembourg\u00a0\u00bb use_theme_fonts=\u00a0\u00bbyes\u00a0\u00bb][\/vc_column][\/vc_row][vc_row equal_height=\u00a0\u00bbyes\u00a0\u00bb css=\u00a0\u00bb.vc_custom_1575899896089{margin-bottom: 0px !important;}\u00a0\u00bb][vc_column][lab_portfolio_items category_filter=\u00a0\u00bbno\u00a0\u00bb columns=\u00a0\u00bb3&Prime; reveal_effect=\u00a0\u00bbzoom-one\u00a0\u00bb dynamic_image_height=\u00a0\u00bbyes\u00a0\u00bb pagination_type=\u00a0\u00bbhide\u00a0\u00bb portfolio_query=\u00a0\u00bbsize:9|order_by:date|order:DESC|post_type:portfolio\u00a0\u00bb el_class=\u00a0\u00bbhomepage-classes\u00a0\u00bb css=\u00a0\u00bb.vc_custom_1743704884533{margin-bottom: 0px !important;padding-top: 40px !important;}\u00a0\u00bb][vc_empty_space height=\u00a0\u00bb64px\u00a0\u00bb][vc_custom_heading text=\u00a0\u00bbSTAYCONCRETE. L&rsquo;AMOUR AU PREMIER CONTACT.\u00a0\u00bb font_container=\u00a0\u00bbtag:h1|text_align:left\u00a0\u00bb use_theme_fonts=\u00a0\u00bbyes\u00a0\u00bb][vc_column_text]stayconcrete. Ce sont les sp\u00e9cialistes exp\u00e9riment\u00e9s pour le b\u00e9ton mat\u00e9riel, le bon&hellip;<\/p>\n","protected":false},"author":2,"featured_media":0,"parent":0,"menu_order":0,"comment_status":"closed","ping_status":"closed","template":"","meta":{"_acf_changed":false,"footnotes":""},"class_list":["post-2352","page","type-page","status-publish","hentry"],"acf":[],"_links":{"self":[{"href":"https:\/\/www.stayconcrete.com\/fr\/wp-json\/wp\/v2\/pages\/2352","targetHints":{"allow":["GET"]}}],"collection":[{"href":"https:\/\/www.stayconcrete.com\/fr\/wp-json\/wp\/v2\/pages"}],"about":[{"href":"https:\/\/www.stayconcrete.com\/fr\/wp-json\/wp\/v2\/types\/page"}],"author":[{"embeddable":true,"href":"https:\/\/www.stayconcrete.com\/fr\/wp-json\/wp\/v2\/users\/2"}],"replies":[{"embeddable":true,"href":"https:\/\/www.stayconcrete.com\/fr\/wp-json\/wp\/v2\/comments?post=2352"}],"version-history":[{"count":0,"href":"https:\/\/www.stayconcrete.com\/fr\/wp-json\/wp\/v2\/pages\/2352\/revisions"}],"wp:attachment":[{"href":"https:\/\/www.stayconcrete.com\/fr\/wp-json\/wp\/v2\/media?parent=2352"}],"curies":[{"name":"wp","href":"https:\/\/api.w.org\/{rel}","templated":true}]}}