{"id":2349,"date":"2016-06-09T11:49:03","date_gmt":"2016-06-09T11:49:03","guid":{"rendered":"https:\/\/stayconcrete.b.wpstage.net\/concept\/"},"modified":"2023-06-09T13:18:36","modified_gmt":"2023-06-09T13:18:36","slug":"a-propos","status":"publish","type":"page","link":"https:\/\/www.stayconcrete.com\/fr\/a-propos\/","title":{"rendered":"\u00e0 propos"},"content":{"rendered":"<p>Le terme de \u00ab stayconcrete \u00bb traduit l\u2019essentiel de notre concept : des meubles en b\u00e9ton, inspirants et con\u00e7us pour durer gr\u00e2ce \u00e0 un design qui int\u00e8gre forme et fonctionnalit\u00e9 \u00e0 la perfection et dont les lignes claires et \u00e9pur\u00e9es s\u2019adaptent au style d\u2019agencement que vous d\u00e9sirez.<\/p>\n<p>Notre b\u00e9ton sp\u00e9cial trait\u00e9 peut \u00eatre combin\u00e9 \u00e0 d\u2019autres mat\u00e9riaux haut de gamme. Nos meubles sont de la meilleure qualit\u00e9. Comme le b\u00e9ton est un mat\u00e9riau polyvalent, il respecte chaque d\u00e9tail et r\u00e9pond \u00e0 toutes vos exigences. M\u00eame si les composants sont fabriqu\u00e9s en s\u00e9rie. Tous les meubles de stayconcrete sont contr\u00f4l\u00e9s plusieurs fois : lors du polissage, de l\u2019assemblage et \u00e0 la livraison. Ces contr\u00f4les et les nuances du mat\u00e9riau coul\u00e9 font de chaque meuble un \u00e9l\u00e9ment unique. Tr\u00e8s concr\u00e8tement.<\/p>\n<h3>Nos r\u00e9f\u00e9rences<\/h3>\n<h3>2021<\/h3>\n<p>Physiotherapie Wolfgang Metschitzer, Dellach im Drautal, Autriche<br \/>\nAdministration des B\u00e2timents Publics<br \/>\nCoca, Architectes, Luxembourg<\/p>\n<h3>2020<\/h3>\n<p>You Build s\u00e0rl, Luxembourg<br \/>\nManodera M\u00f6belmanufaktur GbR, Freiburg<br \/>\nHolmes Place Health Clubs GmbH, Berlin<br \/>\nSchreinerei Raphael Haas GmbH, Schwalbach<br \/>\nNADINE HEITMANN, ARCHITEKTIN, Munich<br \/>\nDomaine de Riva Bella, Thalasso &amp; Spa Resort, Al\u00e9ria \u2013 Corse, France<br \/>\nDo demuth architecte d, int\u00e9rieur, Luxembourg<br \/>\nHermann Sch\u00e4fer GmbH &amp; Co. KG, Weilm\u00fcnster<br \/>\nWhite Gate Tattoo Studio, Munich<br \/>\nCaterpillar Financial, Ismaning<br \/>\nWHITE INK Architekt, Munich, Melbourne<br \/>\nThomas Winkler, K\u00fcchenbau &amp; Einrichtung<\/p>\n<h3>2019<\/h3>\n<p>Lyc\u00e9e Hubert Cl\u00e9ment in Luxembourg<br \/>\nSerge Ecker, Luxembourg<br \/>\nNorbert Brakonier S.A. Luxembourg<br \/>\nSONN ELEKTROTECHNIK GmbH. Blieskastel-Webenheim<br \/>\nJGP Projekt 72 GmbH &amp; Co. KG, Forchheim<br \/>\nLaimer Atrium, M\u00fcnchen, Allemagne<br \/>\nSchaafhausen communication solutions, Frankfurt, Allemagne<br \/>\nCoca Architekten. Luxembourg<br \/>\nUniversit\u00e4t, Trier, Allemagne<br \/>\nK\u00f6hler Stra\u00dfenbau GmbH &amp; Co. KG, Allemagne<br \/>\nDOMANI INTERIOR Freiburg, Allemagne<br \/>\nHohen Haus Tenne, Schladming, Autriche<\/p>\n<h3>2010-2018<\/h3>\n<p>Injoy Architekten. Luxembourg. 2018<br \/>\nNorbert Brakonier S.A. Luxembourg. 2018<br \/>\nNIKOS &#8211; Caf\u00e9 bar Restaurant. Trier, Allemage. 2018.<br \/>\nOlymp und Hades Mode. Berlin, Allemagne. 2018<br \/>\nSchleifenbaum design &amp; project GmbH, Allemagne. 2018<br \/>\nHunke &amp; Bullmann, G\u00fctersloh, Allemagne. 2018<br \/>\nBen&amp;Pepper. Luxembourg. 2018<br \/>\nTS&amp;P Kanzlei. Luexmbourg. 2018<br \/>\nHoskin Architekten. Berlin, Allemagne. 2018<br \/>\nInjoy Architekten. Luxembourg. 2018<br \/>\nVin!oh. Homburg, Allemage. 2017<br \/>\nSONN ELEKTROTECHNIK GmbH. Blieskastel-Webenheim, Allemagne. 2017<br \/>\nVisavajara. Freiburg, Allemagne. 2017.<br \/>\nNeu Product Service GmbH, Allemagne. 2017<br \/>\nLes 2 Mus\u00e9es de la Ville de Luxembourg. 2017<br \/>\nDomani M\u00f6belwerkstatt GmbH. Freiburg, Allemagne. 2017<br \/>\nNorbert Brakonier S.A.2017<br \/>\nMunhowen. Luxembourg. 2017<br \/>\nLe Gouvernement Duch\u00e9 de Luxembourg. 2017<br \/>\nChauffage Federspiel S.\u00e0 r.l. 2017<br \/>\nGo ten bar. Luxembourg. 2017<br \/>\nBPI BRIDEL S\u00e0rl. Luxembourg.2017<br \/>\nM\u00f6belmacher Frankfurt, Allemagne. 2017<br \/>\nDuro Chapes. Luxembourg. 2017<br \/>\nLoft Tonstudios Berlin GmbH, Allemagne. 2017<br \/>\nStandard Life Investments. Glasgow, \u00c9cosse .2017<br \/>\nHoskin Architekten. Berlin, Allemagne. 2017<br \/>\nAlster S.\u00e0.r.l. Luxembourg. 2016<br \/>\nNeu Product Service GmbH, Allemagne. 2016<br \/>\nLink GmbH, Allemagne. 2016<br \/>\nMensaumfeld Schulzentrum Schorndorf, Allemagne. 2016<br \/>\nChaux de Contern. Luxembourg. 2016<br \/>\nHyundai European Headquarters Frankfurt, Allemagne. 2016<br \/>\nAdrian Eichhorn Holzwerkst\u00e4tte GmbH. Fulda, Allemagne. 2016<br \/>\nSteinmetz \/ Demeyer, Architekten. Luxembourg. 2016<br \/>\nInside. Luxembourg. 2016<br \/>\nHallhuber GmbH. M\u00fcnchen, Allemagne. 2016<br \/>\nBen&amp;Pepper. Luxembourg. 2016<br \/>\nmcn Handelsvertretung. Karlsruhe, Allemagne. 2016<br \/>\nDaniel Morawietz Interior Design. Berlin, Allemagne. 2015<br \/>\nGlaesener-Betz SA. Luxembourg. 2015<br \/>\nNorbert Brakonier S.A. Luxembourg. 2015<br \/>\nBettina Nuschei. M\u00fcnchen, Allemagne. 2015<br \/>\nK\u00fcchenstudio la cuisine. Lichtenstein. 2015<br \/>\nLe Gouvernement Duch\u00e9 de Luxembourg. 2015<br \/>\nFLUCKLINGER. Metz, France. 2015<br \/>\nBGL BNP Paribas Bank Luxembourg. 2015<br \/>\nDomani M\u00f6belwerkstatt GmbH. Freiburg, Allemagne. 2015<br \/>\nPhillys Interior Design. Berlin, Allemagne. 2015<br \/>\nProjet Melusina, Ville de Luxembourg, Serge Ecker, Luxembourg, 2015<br \/>\nFabeck Architectes, Luxembourg, 2015<br \/>\nCroix Rouge luxembourgeoise, Luxembourg, 2015<br \/>\nHyundai European Headquarters Frankfurt, Allemagne, 2015<br \/>\nThe Boston Consulting Group, Allemagne, 2014<br \/>\nNadine Mackert, Innenarchitekt, Allemagne, 2014<br \/>\nM12 Architektur, Suisse, 2014<br \/>\nH\u00e4felfinger Architekten, Suisse, 2014<br \/>\nBettina Nuschei, M\u00fcnchen, Allemagne. 2014<br \/>\nCimalux, Esch\/Alzette, 2014<br \/>\nFrankfurter M\u00f6belmacher, Frankfurt, Allemagne. 2014<br \/>\nLoft Tonstudios Berlin GmbH, Berlin,Allemagne. 2014<br \/>\nNorbert Brakonier S.A., Luxembourg, 2014<br \/>\nCimalux, Esch\/Alzette, 2014<br \/>\nParc des sports, Differdange, 2014<br \/>\nBrasserie Cur\u00e9, Luxembourg centre, 2013<br \/>\nRomain Hoffmann architectes, Luxembourg, 2013<br \/>\nclient priv\u00e9, Allemagne\/ M\u00fcnchen-Gr\u00fcnwald, Allemagne. 2013<br \/>\nM\u00fcller &amp; Meiere retail, Allemagne\/ Offenburg, 2013<br \/>\nmaison unifamiliale, France \/ St. Tropez, 2013<br \/>\nDomani M\u00f6belwerkstatt, Allemagne\/ Merdingen, 2013<br \/>\nDesign im Raum, Allemagne\/ Bielefeld, 2013<br \/>\nSteinmetz \/ Demeyer, Architekten, Luxembourg, 2013<br \/>\nHermann &amp; Valentiny and partners, Luxembourg, 2013<br \/>\nGlaesener &amp; Betz S.A., Luxembourg \/ R\u00e9dange sur Attert, 2013<br \/>\nBrasserie du cur\u00e9, Luxembourg, 2013<br \/>\nCimalux, Luxembourg, 2013<br \/>\nFideco fiduci\u00e8re, Luxembourg, 2013<br \/>\nBelcap Immo, Suisse \/ Miels, 2013<br \/>\nAndrez Ojeda architectes, Colombie, 2013<br \/>\nmaison unifamiliale, Belgique \/ S\u00e9lange, 2012<br \/>\nmaison unifamiliale, Allemagne\/ K\u00f6ln, 2012<br \/>\nAdministration communale Kopstal, Luxembourg \/ Kopstal, 2012<br \/>\nclient priv\u00e9, Allemagne\/ Langsur, 2012<br \/>\nDiscoth\u00e8que \u00ab\u00a0Le Byblos\u00a0\u00bb, Luxembourg, 2012<br \/>\nclient priv\u00e9, France \/ Paris, 2012<br \/>\n\u00ab\u00a0Litteraturcaf\u00e9\u00a0\u00bb, Allemagne\/ Trier, 2012<br \/>\nImmobili\u00e8re de la Semois, Belgique \/ Etalle, 2012<br \/>\nclient priv\u00e9, Belgique \/ S\u00e9lange, 2012<br \/>\nmaison unifamiliale, Belgique \/ Bruxelles, 2012<br \/>\nKettlux Fenster s\u00e0rl, Luxembourg, \/ Schouweiler, 2012<br \/>\nclient priv\u00e9, Suisse \/ Seengen, 2012<br \/>\nImmobili\u00e8re de la Semois, Belgique \/ Etalle, 2012<br \/>\nDomani M\u00f6belwerkstatt, Allemagne\/ Merdingen, 2012<br \/>\nChaux de Contern, Luxembourg, 2012<br \/>\n\u00ab\u00a0Campus Plex\u00a0\u00bb France \/ Ajaccio, 2012<br \/>\nSCI Bram-Concorde, shopping center, Luxembourg, 2012<br \/>\nMatick, Friseur, Allemagne\/ Frankfurt, 2012<br \/>\n\u00ab\u00a0Rosemarie Lorenz \u00dcbersetzungsb\u00fcro\u00a0\u00bb, Allemagne\/ Berlin, 2012<br \/>\nmaison unifamiliale, Allemagne\/ M\u00fcnchen, 2012<br \/>\n\u00ab\u00a0The-playgroup\u00a0\u00bb, Allemagne\/ Ahrensburg, 2012<br \/>\nSCI Bram-Concorde, shopping center, Luxembourg, 2012<br \/>\nScheu GmbH, Allemagne\/ Bretzfeld-Bitzfeld, 2012<br \/>\nclient priv\u00e9, France \/ Paris, 2012<br \/>\nNorbert Brakonier S.A., Luxembourg, 2012<br \/>\n\u00ab\u00a0Campus Plex\u00a0\u00bb France \/ Ajaccio, 2012<br \/>\nK\u00fchne &amp; Nagel, Luxembourg, 2012<br \/>\nCarrerouge, Luxembourg, 2012<br \/>\nclient priv\u00e9, Emirats Arabes \/ Dubai, 2012<br \/>\nclient priv\u00e9, Luxembourg \/ Sandweiler, 2012<br \/>\nWinfried Rebel GmbH, Allemagne\/ Ettlingen, 2012<br \/>\nFrei (R aum) architekten, Luxembourg \/ Diekirch, 2012<br \/>\nclient priv\u00e9, Belgique \/ Bruxelles, 2012<br \/>\nSportzentrum der Universit\u00e4t Flensburg, Allemagne\/ Flensburg, 2012<br \/>\nFutura asset management GmbH, Lichtenstein \/ Vaduz, 2012<br \/>\nChr. Schroeder, artiste, Allemagne\/ Freiburg, 2011<br \/>\nmaison unifamiliale, Allemagne\/ K\u00f6ln, 2011<br \/>\nHotel \u00ab\u00a0Von Korff\u00a0\u00bb, Allemagne\/ Meschede, 2011<br \/>\nK\u00e4fer Schiffsbau GmbH, Allemagne\/ Rostock, 2011<br \/>\nEickoff GmbH, Allemagne\/ Arnsberg, 2011<br \/>\nmaison unifamiliale, Allemagne\/ Etville, 2011<br \/>\nBad und Wohnen, Allemagne\/ Freiburg, 2011<br \/>\nDomani M\u00f6belwerkstatt, Allemagne\/ Merdingen, 2011<br \/>\nmaison unifamiliale, Allemagne\/ Dortmund, 2011<br \/>\nDurosols, Luxembourg, 2011<br \/>\ndivers clients priv\u00e9s, Luxembourg, 2011<br \/>\nChaux de Contern, Luxembourg, 2011<br \/>\nGoTen Bar, Luxembourg, 2011<br \/>\nChambre des M\u00e9tiers, Luxembourg, 2010<br \/>\nCimalux, Luxembourg, 2010<br \/>\nChaux de Contern, Luxembourg, 2010<br \/>\nRestaurant Amador, Allemagne\/ Mannheim, 2010<br \/>\nEurobeton, Luxembourg, 2010<br \/>\nHotel Ibis, Luxembourg \/ Bettembourg, 2010<br \/>\nUnikat, Luxembourg, 2010<\/p>\n","protected":false},"excerpt":{"rendered":"<p>Le terme de \u00ab stayconcrete \u00bb traduit l\u2019essentiel de notre concept : des meubles en b\u00e9ton, inspirants et con\u00e7us pour durer gr\u00e2ce \u00e0 un design qui int\u00e8gre forme et fonctionnalit\u00e9 \u00e0 la perfection et dont les lignes claires et \u00e9pur\u00e9es s\u2019adaptent au style d\u2019agencement que vous d\u00e9sirez. Notre b\u00e9ton sp\u00e9cial trait\u00e9 peut \u00eatre combin\u00e9 \u00e0&hellip;<\/p>\n","protected":false},"author":5,"featured_media":0,"parent":0,"menu_order":0,"comment_status":"closed","ping_status":"closed","template":"","meta":{"_acf_changed":false,"footnotes":""},"class_list":["post-2349","page","type-page","status-publish","hentry"],"acf":[],"_links":{"self":[{"href":"https:\/\/www.stayconcrete.com\/fr\/wp-json\/wp\/v2\/pages\/2349","targetHints":{"allow":["GET"]}}],"collection":[{"href":"https:\/\/www.stayconcrete.com\/fr\/wp-json\/wp\/v2\/pages"}],"about":[{"href":"https:\/\/www.stayconcrete.com\/fr\/wp-json\/wp\/v2\/types\/page"}],"author":[{"embeddable":true,"href":"https:\/\/www.stayconcrete.com\/fr\/wp-json\/wp\/v2\/users\/5"}],"replies":[{"embeddable":true,"href":"https:\/\/www.stayconcrete.com\/fr\/wp-json\/wp\/v2\/comments?post=2349"}],"version-history":[{"count":0,"href":"https:\/\/www.stayconcrete.com\/fr\/wp-json\/wp\/v2\/pages\/2349\/revisions"}],"wp:attachment":[{"href":"https:\/\/www.stayconcrete.com\/fr\/wp-json\/wp\/v2\/media?parent=2349"}],"curies":[{"name":"wp","href":"https:\/\/api.w.org\/{rel}","templated":true}]}}